{"id":4095,"date":"2019-03-09T09:16:50","date_gmt":"2019-03-09T12:16:50","guid":{"rendered":"https:\/\/www.universoeletrico.com.br\/design\/?post_type=product&#038;p=4095"},"modified":"2026-01-15T15:55:37","modified_gmt":"2026-01-15T18:55:37","slug":"arandela-retangular-luz-indireta","status":"publish","type":"product","link":"https:\/\/www.universoeletrico.com.br\/design\/?product=arandela-retangular-luz-indireta","title":{"rendered":"*PERFIL REGUA P\/ ARANDELA RETANGULAR SCUTI 2M BR"},"content":{"rendered":"<p>Arandela retangular \u00e9 uma pe\u00e7a de formas retas e puras guarda segredos de luz intensa. com volume m\u00ednimo e a<br \/>\nm\u00e1xima luminosidade traz um efeito aura de luz com sofistica\u00e7\u00e3o e design simples. S<mark class=\"HxTRcb\" data-complete=\"true\" data-sae=\"\">\u00e3o excelentes para criar uma ilumina\u00e7\u00e3o\u00a0<strong class=\"Yjhzub\" data-complete=\"true\">aconchegante e sofisticada<\/strong>, sendo ideais tanto para \u00e1reas internas quanto externas<\/mark>. Elas est\u00e3o dispon\u00edveis em diversos tamanhos, materiais como alum\u00ednio.<\/p>\n<p>DIMENSS\u00d5ES<\/p>\n<p>200 CM X\u00a0 90 X 45MM<\/p>\n<p>PARA USO DE L\u00c2MPADAS TUBULARES DE LED OU FITA DE LED &#8211; ( N\u00c3O INCLUSAS)<\/p>\n<p>&nbsp;<\/p>\n<p>CONSULTE NOSSA EQUIPE DE VENDAS PARA OUTRAS DIMESS\u00d5ES E ACABAMENTOS<\/p>\n<p>253559 &#8211; *PERFIL REGUA P\/ ARANDELA SCUTI 125CM X\u00a0 90 X 4,5 CM<\/p>\n<p>253676 &#8211; *PERFIL REGUA P\/ ARANDELA SCUTI 300CM BR X\u00a0 90\u00a0 X 4,5 CM<\/p>\n<p>254575 &#8211; *PERFIL REGUA P\/ARANDELA SCUTI 70CM BR X\u00a0 9CM X 4,5 CM<\/p>\n","protected":false},"excerpt":{"rendered":"<p>Arandela retangular \u00e9 uma pe\u00e7a de formas retas e puras guarda segredos de luz intensa. com volume m\u00ednimo e a m\u00e1xima luminosidade traz um efeito aura de luz com sofistica\u00e7\u00e3o e design simples. S\u00e3o excelentes para criar uma ilumina\u00e7\u00e3o\u00a0aconchegante e sofisticada, sendo ideais tanto para \u00e1reas internas quanto externas. Elas est\u00e3o dispon\u00edveis em diversos tamanhos, [&hellip;]<\/p>\n","protected":false},"featured_media":4096,"template":"","meta":[],"product_brand":[],"product_cat":[18,16],"product_tag":[],"class_list":{"0":"post-4095","1":"product","2":"type-product","3":"status-publish","4":"has-post-thumbnail","6":"product_cat-arandelas-internas","7":"product_cat-residencial-e-predial","9":"first","10":"instock","11":"shipping-taxable","12":"purchasable","13":"product-type-simple"},"_links":{"self":[{"href":"https:\/\/www.universoeletrico.com.br\/design\/index.php?rest_route=\/wp\/v2\/product\/4095","targetHints":{"allow":["GET"]}}],"collection":[{"href":"https:\/\/www.universoeletrico.com.br\/design\/index.php?rest_route=\/wp\/v2\/product"}],"about":[{"href":"https:\/\/www.universoeletrico.com.br\/design\/index.php?rest_route=\/wp\/v2\/types\/product"}],"wp:featuredmedia":[{"embeddable":true,"href":"https:\/\/www.universoeletrico.com.br\/design\/index.php?rest_route=\/wp\/v2\/media\/4096"}],"wp:attachment":[{"href":"https:\/\/www.universoeletrico.com.br\/design\/index.php?rest_route=%2Fwp%2Fv2%2Fmedia&parent=4095"}],"wp:term":[{"taxonomy":"product_brand","embeddable":true,"href":"https:\/\/www.universoeletrico.com.br\/design\/index.php?rest_route=%2Fwp%2Fv2%2Fproduct_brand&post=4095"},{"taxonomy":"product_cat","embeddable":true,"href":"https:\/\/www.universoeletrico.com.br\/design\/index.php?rest_route=%2Fwp%2Fv2%2Fproduct_cat&post=4095"},{"taxonomy":"product_tag","embeddable":true,"href":"https:\/\/www.universoeletrico.com.br\/design\/index.php?rest_route=%2Fwp%2Fv2%2Fproduct_tag&post=4095"}],"curies":[{"name":"wp","href":"https:\/\/api.w.org\/{rel}","templated":true}]}}