{"id":4069,"date":"2019-03-09T08:53:20","date_gmt":"2019-03-09T11:53:20","guid":{"rendered":"https:\/\/www.universoeletrico.com.br\/design\/?post_type=product&#038;p=4069"},"modified":"2026-01-15T15:55:38","modified_gmt":"2026-01-15T18:55:38","slug":"arandela-zig-zag-com-haste","status":"publish","type":"product","link":"https:\/\/www.universoeletrico.com.br\/design\/?product=arandela-zig-zag-com-haste","title":{"rendered":"Arandela Zig Zag com Haste"},"content":{"rendered":"<p>Produto exclusivo \u2013 venda min\u00edma 2 unidades<\/p>\n<p>op\u00e7\u00f5es de tamanho e cor sob consulta<br \/>\n2340- 1051038<br \/>\nC\u00fapula Di\u00e2metro 11 x Comprimento 30<br \/>\nComprimento haste 40<br \/>\nComprimento total 65<br \/>\nAltura total 35<\/p>\n<p>2325 \u2013 1051039<br \/>\nC\u00fapula Di\u00e2metro 11 x Comprimento 30<br \/>\nComprimento haste 70<br \/>\nComprimento total 95<br \/>\nAltura total 35<\/p>\n<p>2326 \u2013 1051040<br \/>\nC\u00fapula Di\u00e2metro 11 x Comprimento 30<br \/>\nComprimento haste 100<br \/>\nComprimento total 125<br \/>\nAltura total 35<\/p>\n","protected":false},"excerpt":{"rendered":"<p>Produto exclusivo \u2013 venda min\u00edma 2 unidades op\u00e7\u00f5es de tamanho e cor sob consulta 2340- 1051038 C\u00fapula Di\u00e2metro 11 x Comprimento 30 Comprimento haste 40 Comprimento total 65 Altura total 35 2325 \u2013 1051039 C\u00fapula Di\u00e2metro 11 x Comprimento 30 Comprimento haste 70 Comprimento total 95 Altura total 35 2326 \u2013 1051040 C\u00fapula Di\u00e2metro 11 [&hellip;]<\/p>\n","protected":false},"featured_media":4070,"template":"","meta":[],"product_brand":[],"product_cat":[18,16],"product_tag":[],"class_list":{"0":"post-4069","1":"product","2":"type-product","3":"status-publish","4":"has-post-thumbnail","6":"product_cat-arandelas-internas","7":"product_cat-residencial-e-predial","9":"first","10":"instock","11":"shipping-taxable","12":"purchasable","13":"product-type-simple"},"_links":{"self":[{"href":"https:\/\/www.universoeletrico.com.br\/design\/index.php?rest_route=\/wp\/v2\/product\/4069","targetHints":{"allow":["GET"]}}],"collection":[{"href":"https:\/\/www.universoeletrico.com.br\/design\/index.php?rest_route=\/wp\/v2\/product"}],"about":[{"href":"https:\/\/www.universoeletrico.com.br\/design\/index.php?rest_route=\/wp\/v2\/types\/product"}],"wp:featuredmedia":[{"embeddable":true,"href":"https:\/\/www.universoeletrico.com.br\/design\/index.php?rest_route=\/wp\/v2\/media\/4070"}],"wp:attachment":[{"href":"https:\/\/www.universoeletrico.com.br\/design\/index.php?rest_route=%2Fwp%2Fv2%2Fmedia&parent=4069"}],"wp:term":[{"taxonomy":"product_brand","embeddable":true,"href":"https:\/\/www.universoeletrico.com.br\/design\/index.php?rest_route=%2Fwp%2Fv2%2Fproduct_brand&post=4069"},{"taxonomy":"product_cat","embeddable":true,"href":"https:\/\/www.universoeletrico.com.br\/design\/index.php?rest_route=%2Fwp%2Fv2%2Fproduct_cat&post=4069"},{"taxonomy":"product_tag","embeddable":true,"href":"https:\/\/www.universoeletrico.com.br\/design\/index.php?rest_route=%2Fwp%2Fv2%2Fproduct_tag&post=4069"}],"curies":[{"name":"wp","href":"https:\/\/api.w.org\/{rel}","templated":true}]}}