{"id":4065,"date":"2019-03-09T08:50:31","date_gmt":"2019-03-09T11:50:31","guid":{"rendered":"https:\/\/www.universoeletrico.com.br\/design\/?post_type=product&#038;p=4065"},"modified":"2026-01-15T15:55:40","modified_gmt":"2026-01-15T18:55:40","slug":"arandela-articulada-scope","status":"publish","type":"product","link":"https:\/\/www.universoeletrico.com.br\/design\/?product=arandela-articulada-scope","title":{"rendered":"Arandela Articulada scope"},"content":{"rendered":"<p>Arandela em metal articulada \u2013 1050991<br \/>\nMaterial: Metal<br \/>\nop\u00e7\u00f5es de cor Cor: Cobre com c\u00fapula preta e cromada com c\u00fapula branca<br \/>\nLampada: 1 x E27 \u2013 Soquete: E27<br \/>\nMedidas: 67cm<\/p>\n","protected":false},"excerpt":{"rendered":"<p>Arandela em metal articulada \u2013 1050991 Material: Metal op\u00e7\u00f5es de cor Cor: Cobre com c\u00fapula preta e cromada com c\u00fapula branca Lampada: 1 x E27 \u2013 Soquete: E27 Medidas: 67cm<\/p>\n","protected":false},"featured_media":4066,"template":"","meta":[],"product_brand":[],"product_cat":[18,16],"product_tag":[],"class_list":{"0":"post-4065","1":"product","2":"type-product","3":"status-publish","4":"has-post-thumbnail","6":"product_cat-arandelas-internas","7":"product_cat-residencial-e-predial","9":"first","10":"instock","11":"shipping-taxable","12":"purchasable","13":"product-type-simple"},"_links":{"self":[{"href":"https:\/\/www.universoeletrico.com.br\/design\/index.php?rest_route=\/wp\/v2\/product\/4065","targetHints":{"allow":["GET"]}}],"collection":[{"href":"https:\/\/www.universoeletrico.com.br\/design\/index.php?rest_route=\/wp\/v2\/product"}],"about":[{"href":"https:\/\/www.universoeletrico.com.br\/design\/index.php?rest_route=\/wp\/v2\/types\/product"}],"wp:featuredmedia":[{"embeddable":true,"href":"https:\/\/www.universoeletrico.com.br\/design\/index.php?rest_route=\/wp\/v2\/media\/4066"}],"wp:attachment":[{"href":"https:\/\/www.universoeletrico.com.br\/design\/index.php?rest_route=%2Fwp%2Fv2%2Fmedia&parent=4065"}],"wp:term":[{"taxonomy":"product_brand","embeddable":true,"href":"https:\/\/www.universoeletrico.com.br\/design\/index.php?rest_route=%2Fwp%2Fv2%2Fproduct_brand&post=4065"},{"taxonomy":"product_cat","embeddable":true,"href":"https:\/\/www.universoeletrico.com.br\/design\/index.php?rest_route=%2Fwp%2Fv2%2Fproduct_cat&post=4065"},{"taxonomy":"product_tag","embeddable":true,"href":"https:\/\/www.universoeletrico.com.br\/design\/index.php?rest_route=%2Fwp%2Fv2%2Fproduct_tag&post=4065"}],"curies":[{"name":"wp","href":"https:\/\/api.w.org\/{rel}","templated":true}]}}