{"id":4050,"date":"2019-03-09T08:38:42","date_gmt":"2019-03-09T11:38:42","guid":{"rendered":"https:\/\/www.universoeletrico.com.br\/design\/?post_type=product&#038;p=4050"},"modified":"2026-01-15T15:55:41","modified_gmt":"2026-01-15T18:55:41","slug":"arandela-facho-duplo-luz-regulavel","status":"publish","type":"product","link":"https:\/\/www.universoeletrico.com.br\/design\/?product=arandela-facho-duplo-luz-regulavel","title":{"rendered":"Arandela Facho Duplo Luz Regulavel"},"content":{"rendered":"<p>Arandela alum\u00ednio com duplo facho regul\u00e1vel, s\u00e3o ideais para dar destaque em muros e paredes, valorizam o ambiente proporcionado um efeito de luz onde for aplicada.<br \/>\nuso interno e externo<br \/>\n 254778 &#8211; Arandela led preta &#8211;<br \/>\n 254942 &#8211; Arandela led Branca<br \/>\n<img fetchpriority=\"high\" decoding=\"async\" src=\"https:\/\/www.universoeletrico.com.br\/design\/wp-content\/uploads\/2019\/03\/WhatsApp-Image-2024-05-17-at-15.37.16.jpeg\" alt=\"\" width=\"573\" height=\"407\" class=\"alignleft size-full wp-image-9631\" \/><\/p>\n","protected":false},"excerpt":{"rendered":"<p>Arandela alum\u00ednio com duplo facho regul\u00e1vel, s\u00e3o ideais para dar destaque em muros e paredes, valorizam o ambiente proporcionado um efeito de luz onde for aplicada. uso interno e externo 254778 &#8211; Arandela led preta &#8211; 254942 &#8211; Arandela led Branca<\/p>\n","protected":false},"featured_media":4051,"template":"","meta":[],"product_brand":[],"product_cat":[18,16],"product_tag":[],"class_list":{"0":"post-4050","1":"product","2":"type-product","3":"status-publish","4":"has-post-thumbnail","6":"product_cat-arandelas-internas","7":"product_cat-residencial-e-predial","9":"first","10":"instock","11":"shipping-taxable","12":"purchasable","13":"product-type-simple"},"_links":{"self":[{"href":"https:\/\/www.universoeletrico.com.br\/design\/index.php?rest_route=\/wp\/v2\/product\/4050","targetHints":{"allow":["GET"]}}],"collection":[{"href":"https:\/\/www.universoeletrico.com.br\/design\/index.php?rest_route=\/wp\/v2\/product"}],"about":[{"href":"https:\/\/www.universoeletrico.com.br\/design\/index.php?rest_route=\/wp\/v2\/types\/product"}],"wp:featuredmedia":[{"embeddable":true,"href":"https:\/\/www.universoeletrico.com.br\/design\/index.php?rest_route=\/wp\/v2\/media\/4051"}],"wp:attachment":[{"href":"https:\/\/www.universoeletrico.com.br\/design\/index.php?rest_route=%2Fwp%2Fv2%2Fmedia&parent=4050"}],"wp:term":[{"taxonomy":"product_brand","embeddable":true,"href":"https:\/\/www.universoeletrico.com.br\/design\/index.php?rest_route=%2Fwp%2Fv2%2Fproduct_brand&post=4050"},{"taxonomy":"product_cat","embeddable":true,"href":"https:\/\/www.universoeletrico.com.br\/design\/index.php?rest_route=%2Fwp%2Fv2%2Fproduct_cat&post=4050"},{"taxonomy":"product_tag","embeddable":true,"href":"https:\/\/www.universoeletrico.com.br\/design\/index.php?rest_route=%2Fwp%2Fv2%2Fproduct_tag&post=4050"}],"curies":[{"name":"wp","href":"https:\/\/api.w.org\/{rel}","templated":true}]}}