{"id":4048,"date":"2019-03-09T08:30:41","date_gmt":"2019-03-09T11:30:41","guid":{"rendered":"https:\/\/www.universoeletrico.com.br\/design\/?post_type=product&#038;p=4048"},"modified":"2026-01-15T15:55:42","modified_gmt":"2026-01-15T18:55:42","slug":"arandela-facho-luz-unico-quadrado","status":"publish","type":"product","link":"https:\/\/www.universoeletrico.com.br\/design\/?product=arandela-facho-luz-unico-quadrado","title":{"rendered":"Arandela Facho Luz \u00danico Quadrado"},"content":{"rendered":"<p>Arandela alum\u00ednio com lente facho \u00fanico aberto, s\u00e3o ideais para dar destaque em muros e paredes, valorizam o ambiente proporcionado um efeito de luz onde for aplicada.<br \/>\nuso interno e externo<br \/>\nBase g-9 ( compat\u00edvel com l\u00e2mpadas leds e halogenas convencionais)<br \/>\nArandela<\/p>\n<p>op\u00e7\u00f5es de cores sob consulta:<br \/>\nBranco \u2013 Consulta<br \/>\nPreto \u2013 252423<br \/>\nMarrom \u2013 Consulta<br \/>\ntit\u00e2nio \u2013 Consulta<\/p>\n","protected":false},"excerpt":{"rendered":"<p>Arandela alum\u00ednio com lente facho \u00fanico aberto, s\u00e3o ideais para dar destaque em muros e paredes, valorizam o ambiente proporcionado um efeito de luz onde for aplicada. uso interno e externo Base g-9 ( compat\u00edvel com l\u00e2mpadas leds e halogenas convencionais) Arandela op\u00e7\u00f5es de cores sob consulta: Branco \u2013 Consulta Preto \u2013 252423 Marrom \u2013 [&hellip;]<\/p>\n","protected":false},"featured_media":4049,"template":"","meta":[],"product_brand":[],"product_cat":[18,16],"product_tag":[],"class_list":{"0":"post-4048","1":"product","2":"type-product","3":"status-publish","4":"has-post-thumbnail","6":"product_cat-arandelas-internas","7":"product_cat-residencial-e-predial","9":"first","10":"instock","11":"shipping-taxable","12":"purchasable","13":"product-type-simple"},"_links":{"self":[{"href":"https:\/\/www.universoeletrico.com.br\/design\/index.php?rest_route=\/wp\/v2\/product\/4048","targetHints":{"allow":["GET"]}}],"collection":[{"href":"https:\/\/www.universoeletrico.com.br\/design\/index.php?rest_route=\/wp\/v2\/product"}],"about":[{"href":"https:\/\/www.universoeletrico.com.br\/design\/index.php?rest_route=\/wp\/v2\/types\/product"}],"wp:featuredmedia":[{"embeddable":true,"href":"https:\/\/www.universoeletrico.com.br\/design\/index.php?rest_route=\/wp\/v2\/media\/4049"}],"wp:attachment":[{"href":"https:\/\/www.universoeletrico.com.br\/design\/index.php?rest_route=%2Fwp%2Fv2%2Fmedia&parent=4048"}],"wp:term":[{"taxonomy":"product_brand","embeddable":true,"href":"https:\/\/www.universoeletrico.com.br\/design\/index.php?rest_route=%2Fwp%2Fv2%2Fproduct_brand&post=4048"},{"taxonomy":"product_cat","embeddable":true,"href":"https:\/\/www.universoeletrico.com.br\/design\/index.php?rest_route=%2Fwp%2Fv2%2Fproduct_cat&post=4048"},{"taxonomy":"product_tag","embeddable":true,"href":"https:\/\/www.universoeletrico.com.br\/design\/index.php?rest_route=%2Fwp%2Fv2%2Fproduct_tag&post=4048"}],"curies":[{"name":"wp","href":"https:\/\/api.w.org\/{rel}","templated":true}]}}