{"id":4045,"date":"2019-03-09T08:27:56","date_gmt":"2019-03-09T11:27:56","guid":{"rendered":"https:\/\/www.universoeletrico.com.br\/design\/?post_type=product&#038;p=4045"},"modified":"2026-01-15T15:55:43","modified_gmt":"2026-01-15T18:55:43","slug":"arandela-effekt-fachos-de-luz","status":"publish","type":"product","link":"https:\/\/www.universoeletrico.com.br\/design\/?product=arandela-effekt-fachos-de-luz","title":{"rendered":"ARANDELA EFFEKT FACHOS DE LUZ"},"content":{"rendered":"<p><iframe width=\"100%\" height=\"450\" src=\"https:\/\/www.youtube.com\/embed\/4sq5udhBFnw\" frameborder=\"0\" allow=\"accelerometer; autoplay; encrypted-media; gyroscope; picture-in-picture\" allowfullscreen><\/iframe><br \/>\n<img decoding=\"async\" src=\"https:\/\/www.universoeletrico.com.br\/design\/wp-content\/uploads\/2019\/03\/WhatsApp-Image-2019-11-22-at-15.17.19.jpeg\" alt=\"\" width=\"493\" height=\"78\" class=\"alignleft size-full wp-image-5747\" \/><\/p>\n","protected":false},"excerpt":{"rendered":"<p>Arandela effekt<br \/>\nTens\u00e3o: AC 100-240V<br \/>\nFluxo luminoso: 240lm\/240lm<br \/>\nEfici\u00eancia luminosa: 60lm\/W<br \/>\n\u00c2ngulo de abertura: 90\u00b0 PARA FOCOS ABERTOS E 4\u00b0 PARA FOCOS FECHADOS<br \/>\nIRC: >80<br \/>\nVida \u00fatil (L70): 20.000h<br \/>\nGrau de prote\u00e7\u00e3o: IP65<br \/>\nveja no v\u00eddeo as op\u00e7\u00f5es de fachos<\/p>\n","protected":false},"featured_media":4046,"template":"","meta":[],"product_brand":[],"product_cat":[18,16],"product_tag":[],"class_list":{"0":"post-4045","1":"product","2":"type-product","3":"status-publish","4":"has-post-thumbnail","6":"product_cat-arandelas-internas","7":"product_cat-residencial-e-predial","9":"first","10":"instock","11":"shipping-taxable","12":"purchasable","13":"product-type-simple"},"_links":{"self":[{"href":"https:\/\/www.universoeletrico.com.br\/design\/index.php?rest_route=\/wp\/v2\/product\/4045","targetHints":{"allow":["GET"]}}],"collection":[{"href":"https:\/\/www.universoeletrico.com.br\/design\/index.php?rest_route=\/wp\/v2\/product"}],"about":[{"href":"https:\/\/www.universoeletrico.com.br\/design\/index.php?rest_route=\/wp\/v2\/types\/product"}],"wp:featuredmedia":[{"embeddable":true,"href":"https:\/\/www.universoeletrico.com.br\/design\/index.php?rest_route=\/wp\/v2\/media\/4046"}],"wp:attachment":[{"href":"https:\/\/www.universoeletrico.com.br\/design\/index.php?rest_route=%2Fwp%2Fv2%2Fmedia&parent=4045"}],"wp:term":[{"taxonomy":"product_brand","embeddable":true,"href":"https:\/\/www.universoeletrico.com.br\/design\/index.php?rest_route=%2Fwp%2Fv2%2Fproduct_brand&post=4045"},{"taxonomy":"product_cat","embeddable":true,"href":"https:\/\/www.universoeletrico.com.br\/design\/index.php?rest_route=%2Fwp%2Fv2%2Fproduct_cat&post=4045"},{"taxonomy":"product_tag","embeddable":true,"href":"https:\/\/www.universoeletrico.com.br\/design\/index.php?rest_route=%2Fwp%2Fv2%2Fproduct_tag&post=4045"}],"curies":[{"name":"wp","href":"https:\/\/api.w.org\/{rel}","templated":true}]}}