{"id":4043,"date":"2019-03-09T08:25:05","date_gmt":"2019-03-09T11:25:05","guid":{"rendered":"https:\/\/www.universoeletrico.com.br\/design\/?post_type=product&#038;p=4043"},"modified":"2026-01-15T15:55:43","modified_gmt":"2026-01-15T18:55:43","slug":"arandela-deneb-facho-duplo","status":"publish","type":"product","link":"https:\/\/www.universoeletrico.com.br\/design\/?product=arandela-deneb-facho-duplo","title":{"rendered":"Arandela Deneb Facho Duplo"},"content":{"rendered":"<p>Arandela alum\u00ednio com fachos de luz retangular<br \/>\ndimens\u00f5es 5 x 10 x 13<br \/>\nbase G-9 ( compat\u00edvel com l\u00e2mpadas led e halogenas convencionais)<br \/>\nArandela deneb branca 252359<\/p>\n<p>op\u00e7\u00f5es de cores sob consulta<\/p>\n<p>preto- marrom \u2013<\/p>\n","protected":false},"excerpt":{"rendered":"<p>Arandela alum\u00ednio com fachos de luz retangular dimens\u00f5es 5 x 10 x 13 base G-9 ( compat\u00edvel com l\u00e2mpadas led e halogenas convencionais) Arandela deneb branca 252359 op\u00e7\u00f5es de cores sob consulta preto- marrom \u2013<\/p>\n","protected":false},"featured_media":4044,"template":"","meta":[],"product_brand":[],"product_cat":[18,16],"product_tag":[],"class_list":{"0":"post-4043","1":"product","2":"type-product","3":"status-publish","4":"has-post-thumbnail","6":"product_cat-arandelas-internas","7":"product_cat-residencial-e-predial","9":"first","10":"instock","11":"shipping-taxable","12":"purchasable","13":"product-type-simple"},"_links":{"self":[{"href":"https:\/\/www.universoeletrico.com.br\/design\/index.php?rest_route=\/wp\/v2\/product\/4043","targetHints":{"allow":["GET"]}}],"collection":[{"href":"https:\/\/www.universoeletrico.com.br\/design\/index.php?rest_route=\/wp\/v2\/product"}],"about":[{"href":"https:\/\/www.universoeletrico.com.br\/design\/index.php?rest_route=\/wp\/v2\/types\/product"}],"wp:featuredmedia":[{"embeddable":true,"href":"https:\/\/www.universoeletrico.com.br\/design\/index.php?rest_route=\/wp\/v2\/media\/4044"}],"wp:attachment":[{"href":"https:\/\/www.universoeletrico.com.br\/design\/index.php?rest_route=%2Fwp%2Fv2%2Fmedia&parent=4043"}],"wp:term":[{"taxonomy":"product_brand","embeddable":true,"href":"https:\/\/www.universoeletrico.com.br\/design\/index.php?rest_route=%2Fwp%2Fv2%2Fproduct_brand&post=4043"},{"taxonomy":"product_cat","embeddable":true,"href":"https:\/\/www.universoeletrico.com.br\/design\/index.php?rest_route=%2Fwp%2Fv2%2Fproduct_cat&post=4043"},{"taxonomy":"product_tag","embeddable":true,"href":"https:\/\/www.universoeletrico.com.br\/design\/index.php?rest_route=%2Fwp%2Fv2%2Fproduct_tag&post=4043"}],"curies":[{"name":"wp","href":"https:\/\/api.w.org\/{rel}","templated":true}]}}