{"id":11840,"date":"2026-04-07T16:17:54","date_gmt":"2026-04-07T19:17:54","guid":{"rendered":"https:\/\/www.universoeletrico.com.br\/design\/?post_type=product&#038;p=11840"},"modified":"2026-04-07T16:17:54","modified_gmt":"2026-04-07T19:17:54","slug":"fita-led-cob-12v-18w-alt-irc-3k-ip20-5m","status":"publish","type":"product","link":"https:\/\/www.universoeletrico.com.br\/design\/?product=fita-led-cob-12v-18w-alt-irc-3k-ip20-5m","title":{"rendered":"FITA LED COB 12V 18W ALT IRC 3K IP20 5M"},"content":{"rendered":"<p>As fitas LED COB (Chip On Board) destacam-se por uma ilumina\u00e7\u00e3o mais uniforme, alta qualidade e maior densidade de LEDs, resultando em uma luz suave e sem pontos vis\u00edveis. Em compara\u00e7\u00e3o com as fitas LED SMD (Surface Mount Device) tradicionais &#8211; \u00f3tima para uso em marcenaria e locais onde e superf\u00edcies o facho da luz gera o reflexo<\/p>\n<p>Esta\u00a0 fita tamb\u00e9m com\u00a0 com <strong class=\"Yjhzub\" data-sfc-root=\"c\" data-sfc-cb=\"\" data-complete=\"true\" data-processed=\"true\">alto IRC<\/strong>\u00a0(\u00cdndice de Reprodu\u00e7\u00e3o de Cor)\u00a0<mark class=\"HxTRcb\" data-sfc-root=\"c\" data-sfc-cb=\"\" data-complete=\"true\" data-sae=\"\">s\u00e3o essenciais para projetos que exigem fidelidade visual, como ilumina\u00e7\u00e3o de museus, cl\u00ednicas, est\u00fadios de maquiagem ou \u00e1reas gourmet, pois garantem que as cores dos objetos e alimentos pare\u00e7am naturais e vibrantes<\/mark>. Um IRC acima de 90 \u00e9 considerado excelente, enquanto op\u00e7\u00f5es acima de 95 s\u00e3o o padr\u00e3o para uso profissional de alta performance<\/p>\n<p>Tens\u00e3o\u00a0 12v ( obrigat\u00f3rio uso de drive vendido separadamente-<\/p>\n<p>Pot\u00eancia 18w metro\u00a0 &#8211; Fluxo luminoso &#8211; 855 lumens metro<\/p>\n<p>Grau de prote\u00e7\u00e3o &#8211; IP 20- uso interno-<\/p>\n<p>Temperatura de cor &#8211; 3000k<\/p>\n<p>Rolo de 5 metros<\/p>\n<p><strong>249078- consulte op\u00e7\u00e3o para temperatura de cor 4000k pelo c\u00f3digo com nossa equipe<\/strong><\/p>\n<p>necessita uso de drive 12v ( c\u00e1lculo do drive deve ser feito com folga de 20% da carga total)<br \/>\nex. 5 metros de fita 9w = 9w x 5 metros pot\u00eancia total 45w &#8211; usar drive acima 55w )<br \/>\nTens\u00e3o 12V<br \/>\nIP -20<\/p>\n","protected":false},"excerpt":{"rendered":"<p>As fitas LED COB (Chip On Board) destacam-se por uma ilumina\u00e7\u00e3o mais uniforme, alta qualidade e maior densidade de LEDs, resultando em uma luz suave e sem pontos vis\u00edveis. Em compara\u00e7\u00e3o com as fitas LED SMD (Surface Mount Device) tradicionais &#8211; \u00f3tima para uso em marcenaria e locais onde e superf\u00edcies o facho da luz [&hellip;]<\/p>\n","protected":false},"featured_media":11050,"template":"","meta":[],"product_brand":[],"product_cat":[43,42],"product_tag":[],"class_list":{"0":"post-11840","1":"product","2":"type-product","3":"status-publish","4":"has-post-thumbnail","6":"product_cat-fita-led","7":"product_cat-fitas-e-lampadas","9":"first","10":"instock","11":"shipping-taxable","12":"purchasable","13":"product-type-simple"},"_links":{"self":[{"href":"https:\/\/www.universoeletrico.com.br\/design\/index.php?rest_route=\/wp\/v2\/product\/11840","targetHints":{"allow":["GET"]}}],"collection":[{"href":"https:\/\/www.universoeletrico.com.br\/design\/index.php?rest_route=\/wp\/v2\/product"}],"about":[{"href":"https:\/\/www.universoeletrico.com.br\/design\/index.php?rest_route=\/wp\/v2\/types\/product"}],"wp:featuredmedia":[{"embeddable":true,"href":"https:\/\/www.universoeletrico.com.br\/design\/index.php?rest_route=\/wp\/v2\/media\/11050"}],"wp:attachment":[{"href":"https:\/\/www.universoeletrico.com.br\/design\/index.php?rest_route=%2Fwp%2Fv2%2Fmedia&parent=11840"}],"wp:term":[{"taxonomy":"product_brand","embeddable":true,"href":"https:\/\/www.universoeletrico.com.br\/design\/index.php?rest_route=%2Fwp%2Fv2%2Fproduct_brand&post=11840"},{"taxonomy":"product_cat","embeddable":true,"href":"https:\/\/www.universoeletrico.com.br\/design\/index.php?rest_route=%2Fwp%2Fv2%2Fproduct_cat&post=11840"},{"taxonomy":"product_tag","embeddable":true,"href":"https:\/\/www.universoeletrico.com.br\/design\/index.php?rest_route=%2Fwp%2Fv2%2Fproduct_tag&post=11840"}],"curies":[{"name":"wp","href":"https:\/\/api.w.org\/{rel}","templated":true}]}}