{"id":11796,"date":"2026-02-25T14:04:51","date_gmt":"2026-02-25T17:04:51","guid":{"rendered":"https:\/\/www.universoeletrico.com.br\/design\/?post_type=product&#038;p=11796"},"modified":"2026-02-25T14:04:52","modified_gmt":"2026-02-25T17:04:52","slug":"interruptor-3-botao-smart-preto-10a-1100w-wi-fi-ledvance","status":"publish","type":"product","link":"https:\/\/www.universoeletrico.com.br\/design\/?product=interruptor-3-botao-smart-preto-10a-1100w-wi-fi-ledvance","title":{"rendered":"Interruptor 3 Bot\u00e3o Smart PRETO 10A 1100W Wi-Fi Ledvance"},"content":{"rendered":"<p>O interruptor inteligente da LEDVANCE combina design e tecnologia para oferecer controle total da ilumina\u00e7\u00e3o em sua casa. Com compatibilidade para assistentes de voz e conectividade Wi-Fi, voc\u00ea pode control\u00e1-lo pelo aplicativo m\u00f3vel. Seu design elegante e f\u00e1cil instala\u00e7\u00e3o se adaptam a qualquer ambiente, otimizando tamb\u00e9m o consumo de energia.<\/p>\n<p>APLICA\u00c7\u00d5ES &#8211; Residencial &#8211; Hoteler\u00eda &#8211; Escritorios<\/p>\n<p>Caracter\u00edsticas: Marca: Ledvance Modelo: 7023648 Cor: Preto<\/p>\n<p>Pot\u00eancia de carga m\u00e1xima: 1100W N\u00famero de bot\u00f5es: 3<\/p>\n<p>Voltagem: 110V\/220V (Bivolt) Vida \u00datil: 10000h<\/p>\n<p>Frequ\u00eancia: 50\/60 Hz Conex\u00e3o WiFi: Wi-Fi 2.4GHz<\/p>\n<p>Temperatura de Opera\u00e7\u00e3o: -20\u00b0C ~ 35\u00b0<\/p>\n<p>Material: Pl\u00e1stico + Vidro<\/p>\n<p>Outras op\u00e7\u00f5es de cor<\/p>\n<p>27367 Interruptor 3 Bot\u00e3o Smart BRANCO 10A 1100W Wi-Fi Ledvance<\/p>\n","protected":false},"excerpt":{"rendered":"<p>O interruptor inteligente da LEDVANCE combina design e tecnologia para oferecer controle total da ilumina\u00e7\u00e3o em sua casa. Com compatibilidade para assistentes de voz e conectividade Wi-Fi, voc\u00ea pode control\u00e1-lo pelo aplicativo m\u00f3vel. Seu design elegante e f\u00e1cil instala\u00e7\u00e3o se adaptam a qualquer ambiente, otimizando tamb\u00e9m o consumo de energia. APLICA\u00c7\u00d5ES &#8211; Residencial &#8211; Hoteler\u00eda [&hellip;]<\/p>\n","protected":false},"featured_media":11803,"template":"","meta":[],"product_brand":[],"product_cat":[80],"product_tag":[324,315,314,319,320,327,326],"class_list":{"0":"post-11796","1":"product","2":"type-product","3":"status-publish","4":"has-post-thumbnail","6":"product_cat-automacao-e-casa-inteligente","7":"product_tag-apagador-inteligente","8":"product_tag-automacao","9":"product_tag-casa-inteligente","10":"product_tag-interruptor-com-alexia","11":"product_tag-interruptor-com-google","12":"product_tag-interruptor-smart","13":"product_tag-interruptor-wifi","15":"first","16":"instock","17":"shipping-taxable","18":"purchasable","19":"product-type-simple"},"_links":{"self":[{"href":"https:\/\/www.universoeletrico.com.br\/design\/index.php?rest_route=\/wp\/v2\/product\/11796","targetHints":{"allow":["GET"]}}],"collection":[{"href":"https:\/\/www.universoeletrico.com.br\/design\/index.php?rest_route=\/wp\/v2\/product"}],"about":[{"href":"https:\/\/www.universoeletrico.com.br\/design\/index.php?rest_route=\/wp\/v2\/types\/product"}],"wp:featuredmedia":[{"embeddable":true,"href":"https:\/\/www.universoeletrico.com.br\/design\/index.php?rest_route=\/wp\/v2\/media\/11803"}],"wp:attachment":[{"href":"https:\/\/www.universoeletrico.com.br\/design\/index.php?rest_route=%2Fwp%2Fv2%2Fmedia&parent=11796"}],"wp:term":[{"taxonomy":"product_brand","embeddable":true,"href":"https:\/\/www.universoeletrico.com.br\/design\/index.php?rest_route=%2Fwp%2Fv2%2Fproduct_brand&post=11796"},{"taxonomy":"product_cat","embeddable":true,"href":"https:\/\/www.universoeletrico.com.br\/design\/index.php?rest_route=%2Fwp%2Fv2%2Fproduct_cat&post=11796"},{"taxonomy":"product_tag","embeddable":true,"href":"https:\/\/www.universoeletrico.com.br\/design\/index.php?rest_route=%2Fwp%2Fv2%2Fproduct_tag&post=11796"}],"curies":[{"name":"wp","href":"https:\/\/api.w.org\/{rel}","templated":true}]}}