{"id":11789,"date":"2026-02-25T12:11:15","date_gmt":"2026-02-25T15:11:15","guid":{"rendered":"https:\/\/www.universoeletrico.com.br\/design\/?post_type=product&#038;p=11789"},"modified":"2026-02-25T16:09:05","modified_gmt":"2026-02-25T19:09:05","slug":"interruptor-2-botao-smart-branco-10a-1100w-wi-fi-ledvanc","status":"publish","type":"product","link":"https:\/\/www.universoeletrico.com.br\/design\/?product=interruptor-2-botao-smart-branco-10a-1100w-wi-fi-ledvanc","title":{"rendered":"Interruptor 2 Bot\u00e3o Smart BRANCO 10A 1100W Wi-Fi Ledvanc"},"content":{"rendered":"<p>Interruptor Com 2 Bot\u00e3o Smart Bivolt 10A 1100W Wi-Fi Ledvance O interruptor inteligente da LEDVANCE combina design e tecnologia para oferecer controle total da ilumina\u00e7\u00e3o em sua casa. Com compatibilidade para assistentes de voz e conectividade Wi-Fi, voc\u00ea pode control\u00e1-lo pelo aplicativo m\u00f3vel. Seu design elegante e f\u00e1cil instala\u00e7\u00e3o se adaptam a qualquer ambiente, otimizando tamb\u00e9m o consumo de energia.<\/p>\n<p>APLICA\u00c7\u00d5ES &#8211; Residencial &#8211; Hoteler\u00eda &#8211; Escritorios Caracter\u00edsticas:<\/p>\n<p>Marca: Ledvance Modelo: 7023646 Cor: Preto<\/p>\n<p>Pot\u00eancia de carga m\u00e1xima: 1100W N\u00famero de bot\u00f5es: 2<\/p>\n<p>Voltagem: 110V\/220V (Bivolt) Vida \u00datil: 10000h<\/p>\n<p>Frequ\u00eancia: 50\/60 Hz Conex\u00e3o WiFi: Wi-Fi 2.4GHz<\/p>\n<p>Temperatura de Opera\u00e7\u00e3o: -20\u00b0C ~ 35\u00b0C<\/p>\n<p>Material: Pl\u00e1stico + Vidro<\/p>\n<p>Outras op\u00e7\u00f5es de cor<\/p>\n<p>27366\u00a0\u00a0Interruptor 2 Bot\u00e3o Smart<b> PRETO<\/b> 10A 1100W Wi-Fi Ledvanc<\/p>\n","protected":false},"excerpt":{"rendered":"<p>Interruptor Com 2 Bot\u00e3o Smart Bivolt 10A 1100W Wi-Fi Ledvance O interruptor inteligente da LEDVANCE combina design e tecnologia para oferecer controle total da ilumina\u00e7\u00e3o em sua casa. Com compatibilidade para assistentes de voz e conectividade Wi-Fi, voc\u00ea pode control\u00e1-lo pelo aplicativo m\u00f3vel. Seu design elegante e f\u00e1cil instala\u00e7\u00e3o se adaptam a qualquer ambiente, otimizando [&hellip;]<\/p>\n","protected":false},"featured_media":11792,"template":"","meta":[],"product_brand":[],"product_cat":[80],"product_tag":[324,314,319,320,307,310,321],"class_list":{"0":"post-11789","1":"product","2":"type-product","3":"status-publish","4":"has-post-thumbnail","6":"product_cat-automacao-e-casa-inteligente","7":"product_tag-apagador-inteligente","8":"product_tag-casa-inteligente","9":"product_tag-interruptor-com-alexia","10":"product_tag-interruptor-com-google","11":"product_tag-interruptor-controlador","12":"product_tag-interruptor-inteligente","13":"product_tag-interruptor-ledvance","15":"first","16":"instock","17":"shipping-taxable","18":"purchasable","19":"product-type-simple"},"_links":{"self":[{"href":"https:\/\/www.universoeletrico.com.br\/design\/index.php?rest_route=\/wp\/v2\/product\/11789","targetHints":{"allow":["GET"]}}],"collection":[{"href":"https:\/\/www.universoeletrico.com.br\/design\/index.php?rest_route=\/wp\/v2\/product"}],"about":[{"href":"https:\/\/www.universoeletrico.com.br\/design\/index.php?rest_route=\/wp\/v2\/types\/product"}],"wp:featuredmedia":[{"embeddable":true,"href":"https:\/\/www.universoeletrico.com.br\/design\/index.php?rest_route=\/wp\/v2\/media\/11792"}],"wp:attachment":[{"href":"https:\/\/www.universoeletrico.com.br\/design\/index.php?rest_route=%2Fwp%2Fv2%2Fmedia&parent=11789"}],"wp:term":[{"taxonomy":"product_brand","embeddable":true,"href":"https:\/\/www.universoeletrico.com.br\/design\/index.php?rest_route=%2Fwp%2Fv2%2Fproduct_brand&post=11789"},{"taxonomy":"product_cat","embeddable":true,"href":"https:\/\/www.universoeletrico.com.br\/design\/index.php?rest_route=%2Fwp%2Fv2%2Fproduct_cat&post=11789"},{"taxonomy":"product_tag","embeddable":true,"href":"https:\/\/www.universoeletrico.com.br\/design\/index.php?rest_route=%2Fwp%2Fv2%2Fproduct_tag&post=11789"}],"curies":[{"name":"wp","href":"https:\/\/api.w.org\/{rel}","templated":true}]}}