{"id":11779,"date":"2026-02-25T11:44:20","date_gmt":"2026-02-25T14:44:20","guid":{"rendered":"https:\/\/www.universoeletrico.com.br\/design\/?post_type=product&#038;p=11779"},"modified":"2026-02-25T11:44:21","modified_gmt":"2026-02-25T14:44:21","slug":"interruptor-smart-1-botao-10a-pt","status":"publish","type":"product","link":"https:\/\/www.universoeletrico.com.br\/design\/?product=interruptor-smart-1-botao-10a-pt","title":{"rendered":"INTERRUPTOR SMART 1 BOTAO 10A PT"},"content":{"rendered":"<p>IO interruptor inteligente da LEDVANCE combina design e tecnologia para oferecer controle total da ilumina\u00e7\u00e3o em sua casa. Com compatibilidade para assistentes de voz e conectividade Wi-Fi, voc\u00ea pode control\u00e1-lo pelo aplicativo m\u00f3vel. Seu design elegante e f\u00e1cil instala\u00e7\u00e3o se adaptam a qualquer ambiente, otimizando tamb\u00e9m o consumo de energia.<\/p>\n<p>APLICA\u00c7\u00d5ES<br \/>\n&#8211; Residencial<br \/>\n&#8211; Hoteler\u00eda<br \/>\n&#8211; Escritorios<\/p>\n<p>Caracter\u00edsticas:<br \/>\nMarca: Ledvance<br \/>\nModelo: 7023644<br \/>\nCor: Preto<br \/>\nPot\u00eancia de carga m\u00e1xima: 1100W<br \/>\nN\u00famero de bot\u00f5es: 1<br \/>\nVoltagem: 110V\/220V (Bivolt)<br \/>\nVida \u00datil: 10000h<br \/>\nFrequ\u00eancia: 50\/60 Hz<br \/>\nConex\u00e3o WiFi: Wi-Fi 2.4GHz<br \/>\nTemperatura de Opera\u00e7\u00e3o: -20\u00b0C ~ 35\u00b0C<br \/>\nMaterial: Pl\u00e1stico + Vidro<\/p>\n","protected":false},"excerpt":{"rendered":"<p>IO interruptor inteligente da LEDVANCE combina design e tecnologia para oferecer controle total da ilumina\u00e7\u00e3o em sua casa. Com compatibilidade para assistentes de voz e conectividade Wi-Fi, voc\u00ea pode control\u00e1-lo pelo aplicativo m\u00f3vel. Seu design elegante e f\u00e1cil instala\u00e7\u00e3o se adaptam a qualquer ambiente, otimizando tamb\u00e9m o consumo de energia. APLICA\u00c7\u00d5ES &#8211; Residencial &#8211; Hoteler\u00eda [&hellip;]<\/p>\n","protected":false},"featured_media":11788,"template":"","meta":[],"product_brand":[],"product_cat":[80],"product_tag":[324,323,325,319,320,310,321],"class_list":{"0":"post-11779","1":"product","2":"type-product","3":"status-publish","4":"has-post-thumbnail","6":"product_cat-automacao-e-casa-inteligente","7":"product_tag-apagador-inteligente","8":"product_tag-apagador-smart","9":"product_tag-automacao-residencial","10":"product_tag-interruptor-com-alexia","11":"product_tag-interruptor-com-google","12":"product_tag-interruptor-inteligente","13":"product_tag-interruptor-ledvance","15":"first","16":"instock","17":"shipping-taxable","18":"purchasable","19":"product-type-simple"},"_links":{"self":[{"href":"https:\/\/www.universoeletrico.com.br\/design\/index.php?rest_route=\/wp\/v2\/product\/11779","targetHints":{"allow":["GET"]}}],"collection":[{"href":"https:\/\/www.universoeletrico.com.br\/design\/index.php?rest_route=\/wp\/v2\/product"}],"about":[{"href":"https:\/\/www.universoeletrico.com.br\/design\/index.php?rest_route=\/wp\/v2\/types\/product"}],"wp:featuredmedia":[{"embeddable":true,"href":"https:\/\/www.universoeletrico.com.br\/design\/index.php?rest_route=\/wp\/v2\/media\/11788"}],"wp:attachment":[{"href":"https:\/\/www.universoeletrico.com.br\/design\/index.php?rest_route=%2Fwp%2Fv2%2Fmedia&parent=11779"}],"wp:term":[{"taxonomy":"product_brand","embeddable":true,"href":"https:\/\/www.universoeletrico.com.br\/design\/index.php?rest_route=%2Fwp%2Fv2%2Fproduct_brand&post=11779"},{"taxonomy":"product_cat","embeddable":true,"href":"https:\/\/www.universoeletrico.com.br\/design\/index.php?rest_route=%2Fwp%2Fv2%2Fproduct_cat&post=11779"},{"taxonomy":"product_tag","embeddable":true,"href":"https:\/\/www.universoeletrico.com.br\/design\/index.php?rest_route=%2Fwp%2Fv2%2Fproduct_tag&post=11779"}],"curies":[{"name":"wp","href":"https:\/\/api.w.org\/{rel}","templated":true}]}}