{"id":11770,"date":"2026-02-25T11:23:32","date_gmt":"2026-02-25T14:23:32","guid":{"rendered":"https:\/\/www.universoeletrico.com.br\/design\/?post_type=product&#038;p=11770"},"modified":"2026-02-25T11:39:08","modified_gmt":"2026-02-25T14:39:08","slug":"interruptor-smart-1-botaotom-10a-br","status":"publish","type":"product","link":"https:\/\/www.universoeletrico.com.br\/design\/?product=interruptor-smart-1-botaotom-10a-br","title":{"rendered":"INTERRUPTOR SMART 1 BOTAO+TOM 10A BR"},"content":{"rendered":"<p>Interruptor Com 1 Bot\u00e3o + Tomada Smart Bivolt 10A 2200W Wi-Fi Ledvance O m\u00f3dulo Smart com interruptor e tomada da LEDVANCE leva praticidade e tecnologia para o seu dia a dia! Com conectividade Wi-Fi e compatibilidade com assistentes de voz, voc\u00ea controla luzes e aparelhos el\u00e9tricos pelo aplicativo m\u00f3vel, de onde estiver. Tudo em um \u00fanico dispositivo compacto, de f\u00e1cil instala\u00e7\u00e3o e ideal para qualquer ambiente. Automatize sua casa, ganhe efici\u00eancia no consumo de energia e tenha o controle total na palma da sua m\u00e3o.<\/p>\n<p>Caracter\u00edsticas:<\/p>\n<p>Pot\u00eancia de carga m\u00e1xima (Tomada): 2200W Pot\u00eancia de carga m\u00e1xima (Interruptor): 1000W<\/p>\n<p>Corrente: 10A Voltagem: 110V\/220V (Bivolt)<\/p>\n<p>Frequ\u00eancia: 50\/60 Hz Conex\u00e3o WiFi: Wi-Fi 2.4GHz<\/p>\n<p>Temperatura de Opera\u00e7\u00e3o: -20\u00b0C ~ 35\u00b0C<\/p>\n<p>Formato: Retangular Material: Pl\u00e1stico e vidro<\/p>\n<p>Outra op\u00e7\u00e3o de acabamento<\/p>\n<p>&nbsp;<\/p>\n","protected":false},"excerpt":{"rendered":"<p>Interruptor Com 1 Bot\u00e3o + Tomada Smart Bivolt 10A 2200W Wi-Fi Ledvance O m\u00f3dulo Smart com interruptor e tomada da LEDVANCE leva praticidade e tecnologia para o seu dia a dia! Com conectividade Wi-Fi e compatibilidade com assistentes de voz, voc\u00ea controla luzes e aparelhos el\u00e9tricos pelo aplicativo m\u00f3vel, de onde estiver. Tudo em um [&hellip;]<\/p>\n","protected":false},"featured_media":11781,"template":"","meta":[],"product_brand":[],"product_cat":[80],"product_tag":[315,319,320,307,310,321,322,318,316,317],"class_list":{"0":"post-11770","1":"product","2":"type-product","3":"status-publish","4":"has-post-thumbnail","6":"product_cat-automacao-e-casa-inteligente","7":"product_tag-automacao","8":"product_tag-interruptor-com-alexia","9":"product_tag-interruptor-com-google","10":"product_tag-interruptor-controlador","11":"product_tag-interruptor-inteligente","12":"product_tag-interruptor-ledvance","13":"product_tag-interruptor-mais-tomada","14":"product_tag-smart","15":"product_tag-tomada-com-alexia","16":"product_tag-tomda-smart","18":"first","19":"instock","20":"shipping-taxable","21":"purchasable","22":"product-type-simple"},"_links":{"self":[{"href":"https:\/\/www.universoeletrico.com.br\/design\/index.php?rest_route=\/wp\/v2\/product\/11770","targetHints":{"allow":["GET"]}}],"collection":[{"href":"https:\/\/www.universoeletrico.com.br\/design\/index.php?rest_route=\/wp\/v2\/product"}],"about":[{"href":"https:\/\/www.universoeletrico.com.br\/design\/index.php?rest_route=\/wp\/v2\/types\/product"}],"wp:featuredmedia":[{"embeddable":true,"href":"https:\/\/www.universoeletrico.com.br\/design\/index.php?rest_route=\/wp\/v2\/media\/11781"}],"wp:attachment":[{"href":"https:\/\/www.universoeletrico.com.br\/design\/index.php?rest_route=%2Fwp%2Fv2%2Fmedia&parent=11770"}],"wp:term":[{"taxonomy":"product_brand","embeddable":true,"href":"https:\/\/www.universoeletrico.com.br\/design\/index.php?rest_route=%2Fwp%2Fv2%2Fproduct_brand&post=11770"},{"taxonomy":"product_cat","embeddable":true,"href":"https:\/\/www.universoeletrico.com.br\/design\/index.php?rest_route=%2Fwp%2Fv2%2Fproduct_cat&post=11770"},{"taxonomy":"product_tag","embeddable":true,"href":"https:\/\/www.universoeletrico.com.br\/design\/index.php?rest_route=%2Fwp%2Fv2%2Fproduct_tag&post=11770"}],"curies":[{"name":"wp","href":"https:\/\/api.w.org\/{rel}","templated":true}]}}