{"id":11759,"date":"2026-02-24T17:16:34","date_gmt":"2026-02-24T20:16:34","guid":{"rendered":"https:\/\/www.universoeletrico.com.br\/design\/?post_type=product&#038;p=11759"},"modified":"2026-02-24T17:16:35","modified_gmt":"2026-02-24T20:16:35","slug":"rele-smart-univ-10a-ip20-biv-br","status":"publish","type":"product","link":"https:\/\/www.universoeletrico.com.br\/design\/?product=rele-smart-univ-10a-ip20-biv-br","title":{"rendered":"RELE SMART UNIV 10A IP20 BIV BR"},"content":{"rendered":"<p>O Relay Smart LEDVANCE (parte da linha SMART+ WiFi)\u00a0<mark class=\"HxTRcb\" data-processed=\"true\">\u00e9 um controlador de automa\u00e7\u00e3o que transforma lumin\u00e1rias convencionais em inteligentes, permitindo controle via aplicativo (Android\/iOS) ou comando de voz (Alexa\/Google Assistant)<\/mark>. Ele possibilita ligar\/desligar, dimerizar e criar cenas sem necessidade de um hub central, ideal para fitas LED e ilumina\u00e7\u00e3o embutida<\/p>\n<ul class=\"KsbFXc U6u95\" data-processed=\"true\">\n<li class=\"dF3vjf\" data-hveid=\"CAMQAA\" data-processed=\"true\"><span class=\"T286Pc\" data-sfc-cp=\"\" data-processed=\"true\"><strong class=\"Yjhzub\" data-processed=\"true\">Conectividade:<\/strong>\u00a0Funciona via Wi-Fi (n\u00e3o requer hub) e integra-se ao app LEDVANCE SMART+.<\/span><\/li>\n<li class=\"dF3vjf\" data-hveid=\"CAMQAQ\" data-processed=\"true\"><span class=\"T286Pc\" data-sfc-cp=\"\" data-processed=\"true\"><strong class=\"Yjhzub\" data-processed=\"true\">Controle Inteligente:<\/strong> Permite dimeriza\u00e7\u00e3o, controle de cor (RGBW) e ajuste de temperatura de branco (de\u00a0<\/span>).<\/li>\n<li class=\"dF3vjf\" data-hveid=\"CAMQBA\" data-processed=\"true\"><span class=\"T286Pc\" data-sfc-cp=\"\" data-processed=\"true\"><strong class=\"Yjhzub\" data-processed=\"true\">Versatilidade:<\/strong>\u00a0Ideal para automa\u00e7\u00e3o de fitas LED (12\/24V), permitindo controle de at\u00e9 4 zonas.<\/span><\/li>\n<li class=\"dF3vjf\" data-hveid=\"CAMQBQ\" data-processed=\"true\"><span class=\"T286Pc\" data-sfc-cp=\"\" data-processed=\"true\"><strong class=\"Yjhzub\" data-processed=\"true\">Rotinas:<\/strong>\u00a0Possibilita programar hor\u00e1rios para ligar\/desligar, ideal para seguran\u00e7a e conforto.<\/span><\/li>\n<li class=\"dF3vjf\" data-hveid=\"CAMQBg\" data-processed=\"true\"><span class=\"T286Pc\" data-sfc-cp=\"\" data-processed=\"true\"><strong class=\"Yjhzub\" data-processed=\"true\">Instala\u00e7\u00e3o:<\/strong>\u00a0F\u00e1cil e r\u00e1pida, com produtos voltados para uso interno e externo.<\/span><span class=\"uJ19be notranslate\" data-wiz-uids=\"IELFH_16,IELFH_17\" data-processed=\"true\"><span class=\"vKEkVd\" data-animation-atomic=\"\" data-wiz-attrbind=\"class=IELFH_15\/TKHnVd\" data-processed=\"true\"><span aria-hidden=\"true\" data-processed=\"true\">\u00a0<\/span><button class=\"rBl3me IWyTpf pjvauc\" tabindex=\"0\" data-amic=\"true\" data-icl-uuid=\"3bec06c9-5b3a-4672-9331-53f050d36941\" aria-label=\"Instagram (+6) \u2013 Mostrar links relacionados\" data-wiz-attrbind=\"disabled=IELFH_15\/C5gNJc;aria-label=IELFH_15\/bOjMyf;class=IELFH_15\/UpSNec\" data-ved=\"2ahUKEwj-qsab9_KSAxVYq5UCHSPkAGQQye0OegQIAxAH\" data-processed=\"true\"><\/button><\/span><\/span>\n<div class=\"Fwa2Od\" data-animation-skip=\"\" data-signal-inputs=\"scS1X=IELFH_15\/scS1X\" data-ved=\"2ahUKEwj-qsab9_KSAxVYq5UCHSPkAGQQ3s0SegQIAxAI\" data-processed=\"true\"><\/div>\n<\/li>\n<\/ul>\n<p>APLICA\u00c7\u00d5ES<br \/>\n&#8211; Residencial<br \/>\n&#8211; Hoteler\u00eda<br \/>\n&#8211; Escritorios<\/p>\n","protected":false},"excerpt":{"rendered":"<p>O Relay Smart LEDVANCE (parte da linha SMART+ WiFi)\u00a0\u00e9 um controlador de automa\u00e7\u00e3o que transforma lumin\u00e1rias convencionais em inteligentes, permitindo controle via aplicativo (Android\/iOS) ou comando de voz (Alexa\/Google Assistant). Ele possibilita ligar\/desligar, dimerizar e criar cenas sem necessidade de um hub central, ideal para fitas LED e ilumina\u00e7\u00e3o embutida Conectividade:\u00a0Funciona via Wi-Fi (n\u00e3o requer [&hellip;]<\/p>\n","protected":false},"featured_media":11763,"template":"","meta":[],"product_brand":[],"product_cat":[80],"product_tag":[308,307,310,305,304,306,309],"class_list":{"0":"post-11759","1":"product","2":"type-product","3":"status-publish","4":"has-post-thumbnail","6":"product_cat-automacao-e-casa-inteligente","7":"product_tag-controlador-smart","8":"product_tag-interruptor-controlador","9":"product_tag-interruptor-inteligente","10":"product_tag-relay","11":"product_tag-rele-inteligente","12":"product_tag-rele-interruptor","13":"product_tag-rele-wifi","15":"first","16":"instock","17":"shipping-taxable","18":"purchasable","19":"product-type-simple"},"_links":{"self":[{"href":"https:\/\/www.universoeletrico.com.br\/design\/index.php?rest_route=\/wp\/v2\/product\/11759","targetHints":{"allow":["GET"]}}],"collection":[{"href":"https:\/\/www.universoeletrico.com.br\/design\/index.php?rest_route=\/wp\/v2\/product"}],"about":[{"href":"https:\/\/www.universoeletrico.com.br\/design\/index.php?rest_route=\/wp\/v2\/types\/product"}],"wp:featuredmedia":[{"embeddable":true,"href":"https:\/\/www.universoeletrico.com.br\/design\/index.php?rest_route=\/wp\/v2\/media\/11763"}],"wp:attachment":[{"href":"https:\/\/www.universoeletrico.com.br\/design\/index.php?rest_route=%2Fwp%2Fv2%2Fmedia&parent=11759"}],"wp:term":[{"taxonomy":"product_brand","embeddable":true,"href":"https:\/\/www.universoeletrico.com.br\/design\/index.php?rest_route=%2Fwp%2Fv2%2Fproduct_brand&post=11759"},{"taxonomy":"product_cat","embeddable":true,"href":"https:\/\/www.universoeletrico.com.br\/design\/index.php?rest_route=%2Fwp%2Fv2%2Fproduct_cat&post=11759"},{"taxonomy":"product_tag","embeddable":true,"href":"https:\/\/www.universoeletrico.com.br\/design\/index.php?rest_route=%2Fwp%2Fv2%2Fproduct_tag&post=11759"}],"curies":[{"name":"wp","href":"https:\/\/api.w.org\/{rel}","templated":true}]}}