{"id":11718,"date":"2026-02-18T15:32:17","date_gmt":"2026-02-18T18:32:17","guid":{"rendered":"https:\/\/www.universoeletrico.com.br\/design\/?post_type=product&#038;p=11718"},"modified":"2026-02-18T15:32:18","modified_gmt":"2026-02-18T18:32:18","slug":"fita-led-20w-m-240-led-3000k-12v-ip20-5m","status":"publish","type":"product","link":"https:\/\/www.universoeletrico.com.br\/design\/?product=fita-led-20w-m-240-led-3000k-12v-ip20-5m","title":{"rendered":"FITA LED 20W\/M 240 LED 3000K 12V IP20 5M"},"content":{"rendered":"<ul class=\"ui-vpp-highlighted-specs__features-list\">\n<li class=\"ui-vpp-highlighted-specs__features-list-item ui-pdp-color--BLACK ui-pdp-size--XSMALL ui-pdp-family--REGULAR\">Grau de prote\u00e7\u00e3o: IP20.<\/li>\n<li class=\"ui-vpp-highlighted-specs__features-list-item ui-pdp-color--BLACK ui-pdp-size--XSMALL ui-pdp-family--REGULAR\">Tens\u00e3o de opera\u00e7\u00e3o: 12V.<\/li>\n<li class=\"ui-vpp-highlighted-specs__features-list-item ui-pdp-color--BLACK ui-pdp-size--XSMALL ui-pdp-family--REGULAR\">Fita LED com pot\u00eancia de 20 W\/m para alta efici\u00eancia energ\u00e9tica.<\/li>\n<li class=\"ui-vpp-highlighted-specs__features-list-item ui-pdp-color--BLACK ui-pdp-size--XSMALL ui-pdp-family--REGULAR\">240 LEDs\/m para melhor uniformidade na ilumina\u00e7\u00e3o.<\/li>\n<li class=\"ui-vpp-highlighted-specs__features-list-item ui-pdp-color--BLACK ui-pdp-size--XSMALL ui-pdp-family--REGULAR\">Vida \u00fatil de 30.000 horas, reduzindo a necessidade de trocas.<\/li>\n<li class=\"ui-vpp-highlighted-specs__features-list-item ui-pdp-color--BLACK ui-pdp-size--XSMALL ui-pdp-family--REGULAR\">Dimens\u00f5es compactas de 1,5 cm de altura e 16 cm de largura.<\/li>\n<li class=\"ui-vpp-highlighted-specs__features-list-item ui-pdp-color--BLACK ui-pdp-size--XSMALL ui-pdp-family--REGULAR\">Comprimento de 5 metros por rolo.<\/li>\n<li class=\"ui-vpp-highlighted-specs__features-list-item ui-pdp-color--BLACK ui-pdp-size--XSMALL ui-pdp-family--REGULAR\">\u00cdndice de reprodu\u00e7\u00e3o de cor IRC maior que 80.<\/li>\n<li class=\"ui-vpp-highlighted-specs__features-list-item ui-pdp-color--BLACK ui-pdp-size--XSMALL ui-pdp-family--REGULAR\">Fluxo luminoso por metro &#8211; 2050 lm<\/li>\n<li>Corte a cada 2cm<\/li>\n<\/ul>\n<p>Outras op\u00e7\u00f5es de temperatura de cor<\/p>\n<p>27349 &#8211; FITA LED 20W\/M 240 LED 4000K 12V IP20 5M<\/p>\n<p>27354 &#8211; FITA LED 20W\/M 240 LED 2700K 12V IP20 5M<\/p>\n<p>&nbsp;<\/p>\n","protected":false},"excerpt":{"rendered":"<p>Grau de prote\u00e7\u00e3o: IP20. Tens\u00e3o de opera\u00e7\u00e3o: 12V. Fita LED com pot\u00eancia de 20 W\/m para alta efici\u00eancia energ\u00e9tica. 240 LEDs\/m para melhor uniformidade na ilumina\u00e7\u00e3o. Vida \u00fatil de 30.000 horas, reduzindo a necessidade de trocas. Dimens\u00f5es compactas de 1,5 cm de altura e 16 cm de largura. Comprimento de 5 metros por rolo. \u00cdndice [&hellip;]<\/p>\n","protected":false},"featured_media":11721,"template":"","meta":[],"product_brand":[],"product_cat":[43,42],"product_tag":[87,63,261],"class_list":{"0":"post-11718","1":"product","2":"type-product","3":"status-publish","4":"has-post-thumbnail","6":"product_cat-fita-led","7":"product_cat-fitas-e-lampadas","8":"product_tag-fita-led","9":"product_tag-fita-led-iluminacao-linear-tensao-direta-127-double-line","10":"product_tag-ilumi","12":"first","13":"instock","14":"shipping-taxable","15":"purchasable","16":"product-type-simple"},"_links":{"self":[{"href":"https:\/\/www.universoeletrico.com.br\/design\/index.php?rest_route=\/wp\/v2\/product\/11718","targetHints":{"allow":["GET"]}}],"collection":[{"href":"https:\/\/www.universoeletrico.com.br\/design\/index.php?rest_route=\/wp\/v2\/product"}],"about":[{"href":"https:\/\/www.universoeletrico.com.br\/design\/index.php?rest_route=\/wp\/v2\/types\/product"}],"wp:featuredmedia":[{"embeddable":true,"href":"https:\/\/www.universoeletrico.com.br\/design\/index.php?rest_route=\/wp\/v2\/media\/11721"}],"wp:attachment":[{"href":"https:\/\/www.universoeletrico.com.br\/design\/index.php?rest_route=%2Fwp%2Fv2%2Fmedia&parent=11718"}],"wp:term":[{"taxonomy":"product_brand","embeddable":true,"href":"https:\/\/www.universoeletrico.com.br\/design\/index.php?rest_route=%2Fwp%2Fv2%2Fproduct_brand&post=11718"},{"taxonomy":"product_cat","embeddable":true,"href":"https:\/\/www.universoeletrico.com.br\/design\/index.php?rest_route=%2Fwp%2Fv2%2Fproduct_cat&post=11718"},{"taxonomy":"product_tag","embeddable":true,"href":"https:\/\/www.universoeletrico.com.br\/design\/index.php?rest_route=%2Fwp%2Fv2%2Fproduct_tag&post=11718"}],"curies":[{"name":"wp","href":"https:\/\/api.w.org\/{rel}","templated":true}]}}