{"id":11708,"date":"2026-02-18T15:01:23","date_gmt":"2026-02-18T18:01:23","guid":{"rendered":"https:\/\/www.universoeletrico.com.br\/design\/?post_type=product&#038;p=11708"},"modified":"2026-02-18T15:02:18","modified_gmt":"2026-02-18T18:02:18","slug":"projetor-led-compact-200w-biv-5k-20000lm","status":"publish","type":"product","link":"https:\/\/www.universoeletrico.com.br\/design\/?product=projetor-led-compact-200w-biv-5k-20000lm","title":{"rendered":"PROJETOR LED COMPACT 200W BIV 5K 20000LM"},"content":{"rendered":"<p><strong>\u00c1reas de aplica\u00e7\u00e3o<\/strong><\/p>\n<p>\u2212 Substitui\u00e7\u00e3o direta para lumin\u00e1rias com l\u00e2mpadas HID<br \/>\n\u2212 Quadras esportivas e instala\u00e7\u00f5es ao ar livre<br \/>\n\u2212 Ilumina\u00e7\u00e3o de vastas \u00e1reas<br \/>\n\u2212 Ilumina\u00e7\u00e3o arquitet\u00f4nica<br \/>\n\u2212 \u00c1reas p\u00fablicas<br \/>\n\u2212 Fachadas de edif\u00edcios<br \/>\n\u2212 Jardins, terra\u00e7os e outras \u00e1reas de exterior<\/p>\n<p><strong>Beneficios e recursos:<\/strong><br \/>\n\u2212 Distribui\u00e7\u00e3o luminosa homog\u00e9nea e reduzido encandeamento<br \/>\n\u2212 Economia de energia de at\u00e9 45 % comparado com lumin\u00e1rias com l\u00e2mpadas de descarga convencionais<br \/>\n\u2212 Robusto mas com luz e design compacto<br \/>\n\u2212 Brilhante, robusta, dur\u00e1vel<br \/>\n\u2212 Luz 100% instant\u00e2nea, sem per\u00edodo de aquecimento<br \/>\n\u2212 Baixo consumo de energia<br \/>\n\u2212 2 anos de garantia<br \/>\n\u2212 Fator de pot\u00eancia: \u2265 0.9<br \/>\n\u2212 \u00c2ngulo aberto: 90\u00b0<br \/>\n\u2212 Material: alum\u00ednio<br \/>\n\u2212 Resistente a impacto: IK06<br \/>\n\u2212 Vida \u00fatil: at\u00e9 20.000 h<br \/>\n\u2212 Tipo de prote\u00e7\u00e3o: IP65<\/p>\n<table>\n<tbody>\n<tr>\n<td>Comprimento<\/td>\n<td>328,00 mm<\/td>\n<\/tr>\n<tr>\n<td>Altura<\/td>\n<td>35,00 mm<\/td>\n<\/tr>\n<tr>\n<td>Largura<\/td>\n<td>371,00 mm<\/td>\n<\/tr>\n<tr>\n<td>Peso do produto<\/td>\n<td>1980,00 g<\/td>\n<\/tr>\n<\/tbody>\n<\/table>\n<p>Outras op\u00e7\u00f5es de potencia:<\/p>\n<p>27335 &#8211; PROJETOR LED COMPACT 100W BIV 5K 10000LM<\/p>\n<p>27334 &#8211; PROJETOR LED COMPACT 50W BIV 5K 5000LM<\/p>\n","protected":false},"excerpt":{"rendered":"<p>\u00c1reas de aplica\u00e7\u00e3o \u2212 Substitui\u00e7\u00e3o direta para lumin\u00e1rias com l\u00e2mpadas HID \u2212 Quadras esportivas e instala\u00e7\u00f5es ao ar livre \u2212 Ilumina\u00e7\u00e3o de vastas \u00e1reas \u2212 Ilumina\u00e7\u00e3o arquitet\u00f4nica \u2212 \u00c1reas p\u00fablicas \u2212 Fachadas de edif\u00edcios \u2212 Jardins, terra\u00e7os e outras \u00e1reas de exterior Beneficios e recursos: \u2212 Distribui\u00e7\u00e3o luminosa homog\u00e9nea e reduzido encandeamento \u2212 Economia de [&hellip;]<\/p>\n","protected":false},"featured_media":11712,"template":"","meta":[],"product_brand":[],"product_cat":[28,41],"product_tag":[249,255,253,252,250,251,254,133],"class_list":{"0":"post-11708","1":"product","2":"type-product","3":"status-publish","4":"has-post-thumbnail","6":"product_cat-area-externa","7":"product_cat-refletores-e-projetores","8":"product_tag-floodlight","9":"product_tag-ledvance","10":"product_tag-projetor-blindado","11":"product_tag-projetor-industrial","12":"product_tag-projetor-osran","13":"product_tag-projetor-quadras","14":"product_tag-refletor-ip65","15":"product_tag-refletor-led","17":"first","18":"instock","19":"shipping-taxable","20":"product-type-simple"},"_links":{"self":[{"href":"https:\/\/www.universoeletrico.com.br\/design\/index.php?rest_route=\/wp\/v2\/product\/11708","targetHints":{"allow":["GET"]}}],"collection":[{"href":"https:\/\/www.universoeletrico.com.br\/design\/index.php?rest_route=\/wp\/v2\/product"}],"about":[{"href":"https:\/\/www.universoeletrico.com.br\/design\/index.php?rest_route=\/wp\/v2\/types\/product"}],"wp:featuredmedia":[{"embeddable":true,"href":"https:\/\/www.universoeletrico.com.br\/design\/index.php?rest_route=\/wp\/v2\/media\/11712"}],"wp:attachment":[{"href":"https:\/\/www.universoeletrico.com.br\/design\/index.php?rest_route=%2Fwp%2Fv2%2Fmedia&parent=11708"}],"wp:term":[{"taxonomy":"product_brand","embeddable":true,"href":"https:\/\/www.universoeletrico.com.br\/design\/index.php?rest_route=%2Fwp%2Fv2%2Fproduct_brand&post=11708"},{"taxonomy":"product_cat","embeddable":true,"href":"https:\/\/www.universoeletrico.com.br\/design\/index.php?rest_route=%2Fwp%2Fv2%2Fproduct_cat&post=11708"},{"taxonomy":"product_tag","embeddable":true,"href":"https:\/\/www.universoeletrico.com.br\/design\/index.php?rest_route=%2Fwp%2Fv2%2Fproduct_tag&post=11708"}],"curies":[{"name":"wp","href":"https:\/\/api.w.org\/{rel}","templated":true}]}}