{"id":11638,"date":"2025-12-24T10:10:52","date_gmt":"2025-12-24T13:10:52","guid":{"rendered":"https:\/\/www.universoeletrico.com.br\/design\/?post_type=product&#038;p=11638"},"modified":"2026-01-15T10:04:45","modified_gmt":"2026-01-15T13:04:45","slug":"balizador-wiley-de-embutir-led-2w-bivolt-branco","status":"publish","type":"product","link":"https:\/\/www.universoeletrico.com.br\/design\/?product=balizador-wiley-de-embutir-led-2w-bivolt-branco","title":{"rendered":"Balizador  Wiley de Embutir Led 2W Bivolt Branco"},"content":{"rendered":"<ul>\n<li>AxLxP (mm)75x115x23<\/li>\n<li><span class=\"table flex\">Temperatura da Cor:<\/span><\/li>\n<li><span class=\"table flex\">3000K Branco Quente<\/span><\/li>\n<li><span class=\"table flex\">Pot\u00eancia: &#8211;<\/span><span class=\"table flex\">2W<\/span><\/li>\n<li><span class=\"table flex\">Fluxo Luminoso: &#8211; <\/span><span class=\"table flex\">103 l\u00famens<\/span><\/li>\n<li><span class=\"table flex\">Grau de Abertura: &#8211; <\/span><span class=\"table flex\">122\u00b0<\/span><\/li>\n<li><span class=\"table flex\">Grau de prote\u00e7\u00e3o: &#8211; <\/span><span class=\"table flex\">IP65 <\/span><span class=\"table flex\">Local de UsoExterno e interno <\/span><\/li>\n<li><span class=\"table flex\">Voltagem: &#8211;<\/span><span class=\"table flex\">Bivolt<\/span><\/li>\n<\/ul>\n<h2>Saiba como escolher o balizador certo conforme seu projeto<\/h2>\n<div class=\"Y3BBE\" data-sfc-cp=\"\" data-hveid=\"CAEICBAA\" data-processed=\"true\" data-complete=\"true\"><strong class=\"Yjhzub\" data-complete=\"true\" data-processed=\"true\">Balizador LED\u00a0 \u2013 Seguran\u00e7a Inteligente e Design Minimalista<\/strong><button class=\"rBl3me\" tabindex=\"0\" data-amic=\"true\" data-icl-uuid=\"157dc8ec-3c28-491d-8c52-d1087386ca3a\" aria-label=\"Mostrar links relacionados\" data-wiz-attrbind=\"disabled=rnND6e_3n\/C5gNJc;class=rnND6e_3n\/UpSNec\" data-ved=\"2ahUKEwji8O6g0PyRAxUDIrkGHbr8IKAQye0OegYIAQgIEAE\"><\/button><\/div>\n<div class=\"Y3BBE\" data-sfc-cp=\"\" data-hveid=\"CAEICRAA\" data-processed=\"true\" data-complete=\"true\">&#8220;Guie seus passos com a eleg\u00e2ncia da ilumina\u00e7\u00e3o t\u00e9cnica. Nossos balizadores foram projetados para transformar escadas e corredores em caminhos seguros, sem comprometer o conforto visual ou a est\u00e9tica do ambiente.&#8221;<button class=\"rBl3me\" tabindex=\"0\" data-amic=\"true\" data-icl-uuid=\"637d91a7-9e47-463f-abc7-297511b9cca2\" aria-label=\"Mostrar links relacionados\" data-wiz-attrbind=\"disabled=rnND6e_3r\/C5gNJc;class=rnND6e_3r\/UpSNec\" data-ved=\"2ahUKEwji8O6g0PyRAxUDIrkGHbr8IKAQye0OegYIAQgJEAE\"><\/button><\/div>\n<ul class=\"KsbFXc U6u95\" data-complete=\"true\" data-processed=\"true\">\n<li data-hveid=\"CAEIChAA\" data-complete=\"true\" data-sae=\"\"><span class=\"T286Pc\" data-sfc-cp=\"\" data-complete=\"true\"><strong class=\"Yjhzub\" data-complete=\"true\">Ilumina\u00e7\u00e3o de Orienta\u00e7\u00e3o (Facho Direcionado):<\/strong>\u00a0Projetado com facho de luz voltado para baixo, iluminando apenas o degrau e eliminando o ofuscamento direto nos olhos.<\/span><\/li>\n<li data-hveid=\"CAEIChAB\" data-complete=\"true\" data-sae=\"\"><span class=\"T286Pc\" data-sfc-cp=\"\" data-complete=\"true\"><strong class=\"Yjhzub\" data-complete=\"true\">Efici\u00eancia e Delicadeza:<\/strong>\u00a0Pot\u00eancia otimizada de\u00a0<strong class=\"Yjhzub\" data-complete=\"true\">2W<\/strong>, proporcionando o brilho exato para sinaliza\u00e7\u00e3o noturna com consumo m\u00ednimo de energia.<\/span><\/li>\n<li data-hveid=\"CAEIChAC\" data-complete=\"true\" data-sae=\"\"><span class=\"T286Pc\" data-sfc-cp=\"\" data-complete=\"true\"><strong class=\"Yjhzub\" data-complete=\"true\">Versatilidade de Projeto:<\/strong><\/span>\n<ul class=\"KsbFXc U6u95\" data-complete=\"true\">\n<li data-hveid=\"CAEIChAD\" data-complete=\"true\" data-sae=\"\"><span class=\"T286Pc\" data-sfc-cp=\"\" data-complete=\"true\"><strong class=\"Yjhzub\" data-complete=\"true\">Facho Aberto:<\/strong>\u00a0Para ilumina\u00e7\u00e3o ampla e funcional do degrau inteiro.<\/span><\/li>\n<li data-hveid=\"CAEIChAE\" data-complete=\"true\" data-sae=\"\"><span class=\"T286Pc\" data-sfc-cp=\"\" data-complete=\"true\"><strong class=\"Yjhzub\" data-complete=\"true\">Facho Pontual (Efeito):<\/strong>\u00a0Para criar marcas de luz decorativas e real\u00e7ar a textura dos materiais.<\/span><\/li>\n<\/ul>\n<\/li>\n<li data-hveid=\"CAEIChAF\" data-complete=\"true\" data-sae=\"\"><span class=\"T286Pc\" data-sfc-cp=\"\" data-complete=\"true\"><strong class=\"Yjhzub\" data-complete=\"true\">Alta Durabilidade:<\/strong>\u00a0Dispon\u00edvel em acabamentos de alum\u00ednio com tratamento anticorrosivo e prote\u00e7\u00e3o\u00a0<strong class=\"Yjhzub\" data-complete=\"true\">IP65<\/strong>, garantindo performance tanto em escadas internas quanto em \u00e1reas externas expostas ao tempo.<\/span><\/li>\n<li data-hveid=\"CAEIChAG\" data-complete=\"true\" data-sae=\"\"><span class=\"T286Pc\" data-sfc-cp=\"\" data-complete=\"true\"><strong class=\"Yjhzub\" data-complete=\"true\">Est\u00e9tica 2026:<\/strong>\u00a0Design ultra-fino que se integra \u00e0 arquitetura, dispon\u00edvel em temperaturas de cor quente (3000K) para ambientes residenciais aconchegantes<\/span><\/li>\n<\/ul>\n","protected":false},"excerpt":{"rendered":"<p>AxLxP (mm)75x115x23 Temperatura da Cor: 3000K Branco Quente Pot\u00eancia: &#8211;2W Fluxo Luminoso: &#8211; 103 l\u00famens Grau de Abertura: &#8211; 122\u00b0 Grau de prote\u00e7\u00e3o: &#8211; IP65 Local de UsoExterno e interno Voltagem: &#8211;Bivolt Saiba como escolher o balizador certo conforme seu projeto Balizador LED\u00a0 \u2013 Seguran\u00e7a Inteligente e Design Minimalista &#8220;Guie seus passos com a eleg\u00e2ncia [&hellip;]<\/p>\n","protected":false},"featured_media":11640,"template":"","meta":[],"product_brand":[],"product_cat":[28,36],"product_tag":[106,112,84,125,108,115],"class_list":{"0":"post-11638","1":"product","2":"type-product","3":"status-publish","4":"has-post-thumbnail","6":"product_cat-area-externa","7":"product_cat-balizadores-de-parede-e-escada","8":"product_tag-area-externa","9":"product_tag-balizador","10":"product_tag-balizador-jardim","11":"product_tag-facho-de-luz","12":"product_tag-iluminacao-deck","13":"product_tag-iluminacao-externa","15":"first","16":"instock","17":"shipping-taxable","18":"purchasable","19":"product-type-simple"},"_links":{"self":[{"href":"https:\/\/www.universoeletrico.com.br\/design\/index.php?rest_route=\/wp\/v2\/product\/11638","targetHints":{"allow":["GET"]}}],"collection":[{"href":"https:\/\/www.universoeletrico.com.br\/design\/index.php?rest_route=\/wp\/v2\/product"}],"about":[{"href":"https:\/\/www.universoeletrico.com.br\/design\/index.php?rest_route=\/wp\/v2\/types\/product"}],"wp:featuredmedia":[{"embeddable":true,"href":"https:\/\/www.universoeletrico.com.br\/design\/index.php?rest_route=\/wp\/v2\/media\/11640"}],"wp:attachment":[{"href":"https:\/\/www.universoeletrico.com.br\/design\/index.php?rest_route=%2Fwp%2Fv2%2Fmedia&parent=11638"}],"wp:term":[{"taxonomy":"product_brand","embeddable":true,"href":"https:\/\/www.universoeletrico.com.br\/design\/index.php?rest_route=%2Fwp%2Fv2%2Fproduct_brand&post=11638"},{"taxonomy":"product_cat","embeddable":true,"href":"https:\/\/www.universoeletrico.com.br\/design\/index.php?rest_route=%2Fwp%2Fv2%2Fproduct_cat&post=11638"},{"taxonomy":"product_tag","embeddable":true,"href":"https:\/\/www.universoeletrico.com.br\/design\/index.php?rest_route=%2Fwp%2Fv2%2Fproduct_tag&post=11638"}],"curies":[{"name":"wp","href":"https:\/\/api.w.org\/{rel}","templated":true}]}}