{"id":11590,"date":"2025-12-19T11:01:33","date_gmt":"2025-12-19T14:01:33","guid":{"rendered":"https:\/\/www.universoeletrico.com.br\/design\/?post_type=product&#038;p=11590"},"modified":"2026-02-26T15:04:20","modified_gmt":"2026-02-26T18:04:20","slug":"spot-lapis-2w-2700k-ip65-biv-pt","status":"publish","type":"product","link":"https:\/\/www.universoeletrico.com.br\/design\/?product=spot-lapis-2w-2700k-ip65-biv-pt","title":{"rendered":"SPOT LAPIS 2W 2700K IP65 BIV PT#"},"content":{"rendered":"<div class=\"row\">\n<p>\u00a0Spot de Sobrepor LED L\u00e1pis Cil\u00edndrico \u00e9 a escolha perfeita para adicionar um toque de eleg\u00e2ncia e efici\u00eancia \u00e0 sua ilumina\u00e7\u00e3o.\u00a0 Este spot combina durabilidade com um design discreto e moderno que cria um ambiente acolhedor e convidativo, ideal para destacar detalhes decorativos ou criar pontos de ilumina\u00e7\u00e3o focada,\u00a0 enquanto o \u00e2ngulo de 15\u00b0 permite direcionar a luz com precis\u00e3o. Por ter prote\u00e7\u00e3o IP65 ele pode ser usado em \u00e1reas externas e internas incluisve jardins, pergolados e areas de lazer.<\/p>\n<ul>\n<li class=\"left\">Pot\u00eancia: 2W<\/li>\n<\/ul>\n<\/div>\n<div class=\"row\">\n<ul>\n<li class=\"right\">Tens\u00e3o: 100-240V<\/li>\n<\/ul>\n<\/div>\n<div class=\"row\">\n<ul>\n<li class=\"right\">Temperatura de cor: 2700K<\/li>\n<\/ul>\n<\/div>\n<div class=\"row\">\n<ul>\n<li class=\"left\">Fluxo luminoso:; 80lm<\/li>\n<\/ul>\n<\/div>\n<div class=\"row\">\n<ul>\n<li class=\"left\">\u00c2ngulo:15\u00b0<\/li>\n<\/ul>\n<\/div>\n<div class=\"row\">\n<ul>\n<li class=\"left\">IRC:&gt;90<\/li>\n<\/ul>\n<\/div>\n<div class=\"row\">\n<ul>\n<li class=\"left\">Grau de Prote\u00e7\u00e3o::IP65<\/li>\n<\/ul>\n<\/div>\n<div class=\"row\">\n<ul>\n<li class=\"left\">Aplica\u00e7\u00e3o: Teto\/Parede<\/li>\n<\/ul>\n<\/div>\n<div class=\"row\">\n<ul>\n<li class=\"right\">Dimens\u00f5es:: 83x25mm<\/li>\n<\/ul>\n<p>consulte nossa equipe de vendas para outras op\u00e7\u00f5es de acabamento<\/p>\n<p>256352 -*SPOT LAPIS 2W 2700K IP65 BIV BR<\/p>\n<p>#SPOT ANGLE; #KONA; #WJ<\/p>\n<\/div>\n","protected":false},"excerpt":{"rendered":"<p>\u00a0Spot de Sobrepor LED L\u00e1pis Cil\u00edndrico \u00e9 a escolha perfeita para adicionar um toque de eleg\u00e2ncia e efici\u00eancia \u00e0 sua ilumina\u00e7\u00e3o.\u00a0 Este spot combina durabilidade com um design discreto e moderno que cria um ambiente acolhedor e convidativo, ideal para destacar detalhes decorativos ou criar pontos de ilumina\u00e7\u00e3o focada,\u00a0 enquanto o \u00e2ngulo de 15\u00b0 permite [&hellip;]<\/p>\n","protected":false},"featured_media":11593,"template":"","meta":[],"product_brand":[],"product_cat":[28,41,25],"product_tag":[125,86,185,123,108,207],"class_list":{"0":"post-11590","1":"product","2":"type-product","3":"status-publish","4":"has-post-thumbnail","6":"product_cat-area-externa","7":"product_cat-refletores-e-projetores","8":"product_cat-spots-e-trilhos-eletrificados","9":"product_tag-facho-de-luz","10":"product_tag-ilmnacao-jardim","11":"product_tag-ilumacao-fachadas-e-nichos","12":"product_tag-iluminacao-de-pilares","13":"product_tag-iluminacao-deck","14":"product_tag-ilumincao-de-quadros","16":"first","17":"instock","18":"shipping-taxable","19":"purchasable","20":"product-type-simple"},"_links":{"self":[{"href":"https:\/\/www.universoeletrico.com.br\/design\/index.php?rest_route=\/wp\/v2\/product\/11590","targetHints":{"allow":["GET"]}}],"collection":[{"href":"https:\/\/www.universoeletrico.com.br\/design\/index.php?rest_route=\/wp\/v2\/product"}],"about":[{"href":"https:\/\/www.universoeletrico.com.br\/design\/index.php?rest_route=\/wp\/v2\/types\/product"}],"wp:featuredmedia":[{"embeddable":true,"href":"https:\/\/www.universoeletrico.com.br\/design\/index.php?rest_route=\/wp\/v2\/media\/11593"}],"wp:attachment":[{"href":"https:\/\/www.universoeletrico.com.br\/design\/index.php?rest_route=%2Fwp%2Fv2%2Fmedia&parent=11590"}],"wp:term":[{"taxonomy":"product_brand","embeddable":true,"href":"https:\/\/www.universoeletrico.com.br\/design\/index.php?rest_route=%2Fwp%2Fv2%2Fproduct_brand&post=11590"},{"taxonomy":"product_cat","embeddable":true,"href":"https:\/\/www.universoeletrico.com.br\/design\/index.php?rest_route=%2Fwp%2Fv2%2Fproduct_cat&post=11590"},{"taxonomy":"product_tag","embeddable":true,"href":"https:\/\/www.universoeletrico.com.br\/design\/index.php?rest_route=%2Fwp%2Fv2%2Fproduct_tag&post=11590"}],"curies":[{"name":"wp","href":"https:\/\/api.w.org\/{rel}","templated":true}]}}