{"id":11586,"date":"2025-12-19T10:40:58","date_gmt":"2025-12-19T13:40:58","guid":{"rendered":"https:\/\/www.universoeletrico.com.br\/design\/?post_type=product&#038;p=11586"},"modified":"2026-01-15T10:04:45","modified_gmt":"2026-01-15T13:04:45","slug":"spot-led-focco-c-cinta-5w-3k-ip65","status":"publish","type":"product","link":"https:\/\/www.universoeletrico.com.br\/design\/?product=spot-led-focco-c-cinta-5w-3k-ip65","title":{"rendered":"SPOT LED FOCCO C\/ CINTA 5W 3K IP65#"},"content":{"rendered":"<div class=\"selos\" data-v-3e368732=\"\">\n<div data-v-3e368732=\"\">\n<div class=\"selo-container\" data-v-471850ce=\"\" data-v-3e368732=\"\">\n<div class=\"descricao-modal  \" data-v-471850ce=\"\">\n<p data-v-471850ce=\"\">A fam\u00edlia Focco agora conta com modelo spot cinta para aplica\u00e7\u00e3o em troncos e galhos. S\u00e3o diversas op\u00e7\u00f5es de instala\u00e7\u00e3o para destacar o paisagismo e valorizar o seu jardim.<\/p>\n<\/div>\n<ul>\n<li>Potencia 5w<\/li>\n<li>Fluxo luminosos 300 lumens<\/li>\n<li>Angulo abertura 25\u00b0<\/li>\n<li>Proten\u00e7\u00e3o IP65<\/li>\n<\/ul>\n<\/div>\n<\/div>\n<\/div>\n","protected":false},"excerpt":{"rendered":"<p>A fam\u00edlia Focco agora conta com modelo spot cinta para aplica\u00e7\u00e3o em troncos e galhos. S\u00e3o diversas op\u00e7\u00f5es de instala\u00e7\u00e3o para destacar o paisagismo e valorizar o seu jardim. Potencia 5w Fluxo luminosos 300 lumens Angulo abertura 25\u00b0 Proten\u00e7\u00e3o IP65<\/p>\n","protected":false},"featured_media":11588,"template":"","meta":[],"product_brand":[],"product_cat":[28,41],"product_tag":[204,33,206,205,203],"class_list":{"0":"post-11586","1":"product","2":"type-product","3":"status-publish","4":"has-post-thumbnail","6":"product_cat-area-externa","7":"product_cat-refletores-e-projetores","8":"product_tag-ilumiacao-para-arvores","9":"product_tag-iluminacao-jardim","10":"product_tag-luz-de-destaque","11":"product_tag-luz-focal","12":"product_tag-paisagismo","14":"first","15":"instock","16":"shipping-taxable","17":"purchasable","18":"product-type-simple"},"_links":{"self":[{"href":"https:\/\/www.universoeletrico.com.br\/design\/index.php?rest_route=\/wp\/v2\/product\/11586","targetHints":{"allow":["GET"]}}],"collection":[{"href":"https:\/\/www.universoeletrico.com.br\/design\/index.php?rest_route=\/wp\/v2\/product"}],"about":[{"href":"https:\/\/www.universoeletrico.com.br\/design\/index.php?rest_route=\/wp\/v2\/types\/product"}],"wp:featuredmedia":[{"embeddable":true,"href":"https:\/\/www.universoeletrico.com.br\/design\/index.php?rest_route=\/wp\/v2\/media\/11588"}],"wp:attachment":[{"href":"https:\/\/www.universoeletrico.com.br\/design\/index.php?rest_route=%2Fwp%2Fv2%2Fmedia&parent=11586"}],"wp:term":[{"taxonomy":"product_brand","embeddable":true,"href":"https:\/\/www.universoeletrico.com.br\/design\/index.php?rest_route=%2Fwp%2Fv2%2Fproduct_brand&post=11586"},{"taxonomy":"product_cat","embeddable":true,"href":"https:\/\/www.universoeletrico.com.br\/design\/index.php?rest_route=%2Fwp%2Fv2%2Fproduct_cat&post=11586"},{"taxonomy":"product_tag","embeddable":true,"href":"https:\/\/www.universoeletrico.com.br\/design\/index.php?rest_route=%2Fwp%2Fv2%2Fproduct_tag&post=11586"}],"curies":[{"name":"wp","href":"https:\/\/api.w.org\/{rel}","templated":true}]}}