{"id":11578,"date":"2025-12-19T10:22:48","date_gmt":"2025-12-19T13:22:48","guid":{"rendered":"https:\/\/www.universoeletrico.com.br\/design\/?post_type=product&#038;p=11578"},"modified":"2026-01-15T10:04:45","modified_gmt":"2026-01-15T13:04:45","slug":"spot-led-aluminio-focco-7w-450lm-3000k-biv-ip65","status":"publish","type":"product","link":"https:\/\/www.universoeletrico.com.br\/design\/?product=spot-led-aluminio-focco-7w-450lm-3000k-biv-ip65","title":{"rendered":"*SPOT LED ALUMINIO FOCCO 7W 450LM 3000K BIV. IP65"},"content":{"rendered":"<p>Spot Focco com canopla\u00a0 para aplica\u00e7\u00e3o em areas internas e externas como pergolados, pilares, vigas, decks tanto em tetos com em paredes. S\u00e3o diversas op\u00e7\u00f5es de instala\u00e7\u00e3o para destacar o paisagismo e valorizar o seu jardim<\/p>\n<p>POT\u00caNCIA\u00a0 -5W<\/p>\n<p>fLUXO LUMINOSO -450 LUMENS<\/p>\n<p>TEMP COR 3000K<\/p>\n<p>PROTE\u00c7\u00c3O\u00a0 &#8211; IP65<\/p>\n<p>TENS\u00c3O BIVOLT<\/p>\n","protected":false},"excerpt":{"rendered":"<p>Spot Focco com canopla\u00a0 para aplica\u00e7\u00e3o em areas internas e externas como pergolados, pilares, vigas, decks tanto em tetos com em paredes. S\u00e3o diversas op\u00e7\u00f5es de instala\u00e7\u00e3o para destacar o paisagismo e valorizar o seu jardim POT\u00caNCIA\u00a0 -5W fLUXO LUMINOSO -450 LUMENS TEMP COR 3000K PROTE\u00c7\u00c3O\u00a0 &#8211; IP65 TENS\u00c3O BIVOLT<\/p>\n","protected":false},"featured_media":11580,"template":"","meta":[],"product_brand":[],"product_cat":[28,41,25],"product_tag":[],"class_list":{"0":"post-11578","1":"product","2":"type-product","3":"status-publish","4":"has-post-thumbnail","6":"product_cat-area-externa","7":"product_cat-refletores-e-projetores","8":"product_cat-spots-e-trilhos-eletrificados","10":"first","11":"instock","12":"shipping-taxable","13":"purchasable","14":"product-type-simple"},"_links":{"self":[{"href":"https:\/\/www.universoeletrico.com.br\/design\/index.php?rest_route=\/wp\/v2\/product\/11578","targetHints":{"allow":["GET"]}}],"collection":[{"href":"https:\/\/www.universoeletrico.com.br\/design\/index.php?rest_route=\/wp\/v2\/product"}],"about":[{"href":"https:\/\/www.universoeletrico.com.br\/design\/index.php?rest_route=\/wp\/v2\/types\/product"}],"wp:featuredmedia":[{"embeddable":true,"href":"https:\/\/www.universoeletrico.com.br\/design\/index.php?rest_route=\/wp\/v2\/media\/11580"}],"wp:attachment":[{"href":"https:\/\/www.universoeletrico.com.br\/design\/index.php?rest_route=%2Fwp%2Fv2%2Fmedia&parent=11578"}],"wp:term":[{"taxonomy":"product_brand","embeddable":true,"href":"https:\/\/www.universoeletrico.com.br\/design\/index.php?rest_route=%2Fwp%2Fv2%2Fproduct_brand&post=11578"},{"taxonomy":"product_cat","embeddable":true,"href":"https:\/\/www.universoeletrico.com.br\/design\/index.php?rest_route=%2Fwp%2Fv2%2Fproduct_cat&post=11578"},{"taxonomy":"product_tag","embeddable":true,"href":"https:\/\/www.universoeletrico.com.br\/design\/index.php?rest_route=%2Fwp%2Fv2%2Fproduct_tag&post=11578"}],"curies":[{"name":"wp","href":"https:\/\/api.w.org\/{rel}","templated":true}]}}