{"id":11574,"date":"2025-12-19T09:41:11","date_gmt":"2025-12-19T12:41:11","guid":{"rendered":"https:\/\/www.universoeletrico.com.br\/design\/?post_type=product&#038;p=11574"},"modified":"2026-01-15T10:04:45","modified_gmt":"2026-01-15T13:04:45","slug":"espeto-solo-finco-aluminio-6w-4000k-560lm-ip66-pt","status":"publish","type":"product","link":"https:\/\/www.universoeletrico.com.br\/design\/?product=espeto-solo-finco-aluminio-6w-4000k-560lm-ip66-pt","title":{"rendered":"ESPETO SOLO FINCO ALUMINIO 6W 4000K 560LM IP66 PT#"},"content":{"rendered":"<div class=\"elementor-element elementor-element-28c7703 e-con-full e-flex wpr-particle-no wpr-jarallax-no wpr-parallax-no wpr-sticky-section-no e-con e-child\" data-id=\"28c7703\" data-element_type=\"container\" data-settings=\"{&quot;background_background&quot;:&quot;classic&quot;}\">\n<div class=\"elementor-element elementor-element-ec8af28 elementor-widget elementor-widget-heading\" data-id=\"ec8af28\" data-element_type=\"widget\" data-widget_type=\"heading.default\">\n<div class=\"elementor-widget-container\">\n<h3 class=\"elementor-heading-title elementor-size-default\">Dados t\u00e9cnicos<\/h3>\n<\/div>\n<\/div>\n<\/div>\n<div class=\"elementor-element elementor-element-6cac9e3 e-con-full e-flex wpr-particle-no wpr-jarallax-no wpr-parallax-no wpr-sticky-section-no e-con e-child\" data-id=\"6cac9e3\" data-element_type=\"container\" data-settings=\"{&quot;background_background&quot;:&quot;classic&quot;}\">\n<div class=\"elementor-element elementor-element-f87553c elementor-widget__width-inherit elementor-widget elementor-widget-shortcode\" data-id=\"f87553c\" data-element_type=\"widget\" data-widget_type=\"shortcode.default\">\n<div class=\"elementor-widget-container\">\n<div class=\"elementor-shortcode\">\n<ul class=\"product-attributes-list\">\n<li class=\"odd\">Fluxo luminoso LED540<\/li>\n<li class=\"even\">Fluxo luminoso lumin\u00e1ria340<\/li>\n<li class=\"odd\">Efici\u00eancia luminosa56<\/li>\n<li class=\"even\">Temperatura de cor2700<\/li>\n<li class=\"odd\">Facho30\u00b0<\/li>\n<li class=\"even\">LED39.000 h (L70)<\/li>\n<li class=\"odd\">IRC&gt;82<\/li>\n<li class=\"even\">SDCM&lt;3<\/li>\n<li class=\"odd\">Fator de pot\u00eancia&gt;0,9<\/li>\n<li class=\"even\">Grau de Prote\u00e7\u00e3o66<\/li>\n<li class=\"odd\">SubtituloFINCO | LH<\/li>\n<\/ul>\n<p>CONSULTE OUTRAS OP\u00c7\u00d5ES DE TEMPERATURA DE COR<\/p>\n<p>257192 &#8211; ESPETO SOLO FINCO 6W 3K 560LM IP66 PT#<\/p>\n<\/div>\n<\/div>\n<\/div>\n<\/div>\n","protected":false},"excerpt":{"rendered":"<p>Dados t\u00e9cnicos Fluxo luminoso LED540 Fluxo luminoso lumin\u00e1ria340 Efici\u00eancia luminosa56 Temperatura de cor2700 Facho30\u00b0 LED39.000 h (L70) IRC&gt;82 SDCM&lt;3 Fator de pot\u00eancia&gt;0,9 Grau de Prote\u00e7\u00e3o66 SubtituloFINCO | LH CONSULTE OUTRAS OP\u00c7\u00d5ES DE TEMPERATURA DE COR 257192 &#8211; ESPETO SOLO FINCO 6W 3K 560LM IP66 PT#<\/p>\n","protected":false},"featured_media":11575,"template":"","meta":[],"product_brand":[],"product_cat":[28,40,41],"product_tag":[201,130,115,33,202,203],"class_list":{"0":"post-11574","1":"product","2":"type-product","3":"status-publish","4":"has-post-thumbnail","6":"product_cat-area-externa","7":"product_cat-espetos-led","8":"product_cat-refletores-e-projetores","9":"product_tag-espeto","10":"product_tag-finco-led","11":"product_tag-iluminacao-externa","12":"product_tag-iluminacao-jardim","13":"product_tag-iluminacao-jtrnaardim","14":"product_tag-paisagismo","16":"first","17":"instock","18":"shipping-taxable","19":"purchasable","20":"product-type-simple"},"_links":{"self":[{"href":"https:\/\/www.universoeletrico.com.br\/design\/index.php?rest_route=\/wp\/v2\/product\/11574","targetHints":{"allow":["GET"]}}],"collection":[{"href":"https:\/\/www.universoeletrico.com.br\/design\/index.php?rest_route=\/wp\/v2\/product"}],"about":[{"href":"https:\/\/www.universoeletrico.com.br\/design\/index.php?rest_route=\/wp\/v2\/types\/product"}],"wp:featuredmedia":[{"embeddable":true,"href":"https:\/\/www.universoeletrico.com.br\/design\/index.php?rest_route=\/wp\/v2\/media\/11575"}],"wp:attachment":[{"href":"https:\/\/www.universoeletrico.com.br\/design\/index.php?rest_route=%2Fwp%2Fv2%2Fmedia&parent=11574"}],"wp:term":[{"taxonomy":"product_brand","embeddable":true,"href":"https:\/\/www.universoeletrico.com.br\/design\/index.php?rest_route=%2Fwp%2Fv2%2Fproduct_brand&post=11574"},{"taxonomy":"product_cat","embeddable":true,"href":"https:\/\/www.universoeletrico.com.br\/design\/index.php?rest_route=%2Fwp%2Fv2%2Fproduct_cat&post=11574"},{"taxonomy":"product_tag","embeddable":true,"href":"https:\/\/www.universoeletrico.com.br\/design\/index.php?rest_route=%2Fwp%2Fv2%2Fproduct_tag&post=11574"}],"curies":[{"name":"wp","href":"https:\/\/api.w.org\/{rel}","templated":true}]}}