{"id":11553,"date":"2025-12-18T14:52:51","date_gmt":"2025-12-18T17:52:51","guid":{"rendered":"https:\/\/www.universoeletrico.com.br\/design\/?post_type=product&#038;p=11553"},"modified":"2026-01-15T10:04:45","modified_gmt":"2026-01-15T13:04:45","slug":"fita-led-25w-12v-3000k-irc90-ip20-5m","status":"publish","type":"product","link":"https:\/\/www.universoeletrico.com.br\/design\/?product=fita-led-25w-12v-3000k-irc90-ip20-5m","title":{"rendered":"FITA LED 25W 12V 3000K IRC90 IP20 5M"},"content":{"rendered":"<p>Para um resultado \u00e0 altura dos projetos com o mais elevado padr\u00e3o de qualidade, as Fitas da Stella contam com alto n\u00edvel de constru\u00e7\u00e3o e componentes, op\u00e7\u00f5es com LED COB e uma maior quantidade de LEDs por metro, al\u00e9m de tens\u00e3o 12V. O resultado \u00e9 uma ilumina\u00e7\u00e3o totalmente homog\u00eanea em toda a sua extens\u00e3o, real\u00e7ando os detalhes do ambiente. Ela \u00e9<mark class=\"HxTRcb\" data-complete=\"true\" data-sae=\"\"> ideal para aplica\u00e7\u00f5es onde a \u00e9 essencial qualidade e durabilidades, podendo ser usada tanto para ilumina\u00e7\u00e3o decorativa quanto para <strong class=\"Yjhzub\" data-complete=\"true\">luz geral<\/strong>\u00a0em diversos ambientes<\/mark>.<span class=\"uJ19be notranslate\" data-wiz-uids=\"Z6cP6d_l,Z6cP6d_m,Z6cP6d_n\" data-complete=\"true\" data-processed=\"true\"><span class=\"vKEkVd\" data-animation-atomic=\"\" data-wiz-attrbind=\"class=Z6cP6d_l\/TKHnVd;\" data-sae=\"\">\u00a0<\/span><\/span><\/p>\n<p>FITA LED 25W ROLO 5 metros<\/p>\n<ul>\n<li>Fluxo luminoso: 2200lm\/metro<\/li>\n<li>IP -20<\/li>\n<li>IRC &gt;90 &#8211;<\/li>\n<\/ul>\n<p>CONSULTE NOSSA EQUPE PARA OUTRAS OP\u00c7\u00d5ES DE TEMPERATURA DE COR<\/p>\n<p>243124 &#8211; FITA LED 25W 12V 4000K IRC90 IP20 5M<\/p>\n<p>Deve se Utilize uma fonte\/drive 12V &#8211; *e com potencia em acordo com a metragem ser usada.<\/p>\n<p>*calculo para escolha do drive\/fonte &#8211; ( deve-se considerar uma folga de 20% no total da potencia do drive em rela\u00e7\u00e3o a fita)<br \/>\npot\u00eancia da fita x quantidade de metros<br \/>\nex:<br \/>\nPara 2 metros fita led 19ww = potencia 25w x 2 metros de fita = 50w pot\u00eancia total- Assim deve se usar um drive\/fonte mminimo 60w ou superior<\/p>\n<p>&nbsp;<\/p>\n","protected":false},"excerpt":{"rendered":"<p>Para um resultado \u00e0 altura dos projetos com o mais elevado padr\u00e3o de qualidade, as Fitas da Stella contam com alto n\u00edvel de constru\u00e7\u00e3o e componentes, op\u00e7\u00f5es com LED COB e uma maior quantidade de LEDs por metro, al\u00e9m de tens\u00e3o 12V. O resultado \u00e9 uma ilumina\u00e7\u00e3o totalmente homog\u00eanea em toda a sua extens\u00e3o, real\u00e7ando [&hellip;]<\/p>\n","protected":false},"featured_media":11554,"template":"","meta":[],"product_brand":[],"product_cat":[43,42],"product_tag":[157,189,156,187,190,188,120],"class_list":{"0":"post-11553","1":"product","2":"type-product","3":"status-publish","4":"has-post-thumbnail","6":"product_cat-fita-led","7":"product_cat-fitas-e-lampadas","8":"product_tag-fita-full","9":"product_tag-fita-irc97","10":"product_tag-fita-led-24v","11":"product_tag-fita-led-full","12":"product_tag-fita-led-profissional","13":"product_tag-fita-para-perfil","14":"product_tag-stella","16":"first","17":"instock","18":"shipping-taxable","19":"purchasable","20":"product-type-simple"},"_links":{"self":[{"href":"https:\/\/www.universoeletrico.com.br\/design\/index.php?rest_route=\/wp\/v2\/product\/11553","targetHints":{"allow":["GET"]}}],"collection":[{"href":"https:\/\/www.universoeletrico.com.br\/design\/index.php?rest_route=\/wp\/v2\/product"}],"about":[{"href":"https:\/\/www.universoeletrico.com.br\/design\/index.php?rest_route=\/wp\/v2\/types\/product"}],"wp:featuredmedia":[{"embeddable":true,"href":"https:\/\/www.universoeletrico.com.br\/design\/index.php?rest_route=\/wp\/v2\/media\/11554"}],"wp:attachment":[{"href":"https:\/\/www.universoeletrico.com.br\/design\/index.php?rest_route=%2Fwp%2Fv2%2Fmedia&parent=11553"}],"wp:term":[{"taxonomy":"product_brand","embeddable":true,"href":"https:\/\/www.universoeletrico.com.br\/design\/index.php?rest_route=%2Fwp%2Fv2%2Fproduct_brand&post=11553"},{"taxonomy":"product_cat","embeddable":true,"href":"https:\/\/www.universoeletrico.com.br\/design\/index.php?rest_route=%2Fwp%2Fv2%2Fproduct_cat&post=11553"},{"taxonomy":"product_tag","embeddable":true,"href":"https:\/\/www.universoeletrico.com.br\/design\/index.php?rest_route=%2Fwp%2Fv2%2Fproduct_tag&post=11553"}],"curies":[{"name":"wp","href":"https:\/\/api.w.org\/{rel}","templated":true}]}}