{"id":11546,"date":"2025-12-18T11:44:45","date_gmt":"2025-12-18T14:44:45","guid":{"rendered":"https:\/\/www.universoeletrico.com.br\/design\/?post_type=product&#038;p=11546"},"modified":"2026-01-15T10:04:45","modified_gmt":"2026-01-15T13:04:45","slug":"driver-p-fita-dimerizavel-led-100w-12v-127v-dim","status":"publish","type":"product","link":"https:\/\/www.universoeletrico.com.br\/design\/?product=driver-p-fita-dimerizavel-led-100w-12v-127v-dim","title":{"rendered":"DRIVER P\/FITA DIMERIZAVEL &#8211; LED 100W 12V 127V DIM"},"content":{"rendered":"<p>O\u00a0<strong class=\"Yjhzub\" data-complete=\"true\" data-processed=\"true\">driver dimeriz\u00e1vel<\/strong>\u00a0<mark class=\"HxTRcb\" data-complete=\"true\" data-sae=\"\">\u00e9 um componente eletr\u00f4nico que converte a energia da rede el\u00e9trica para alimentar l\u00e2mpadas ou fitas de LED, permitindo o controle da intensidade luminosa (brilho) de forma gradual<\/mark>. Ele \u00e9 essencial porque nem todo LED aceita varia\u00e7\u00e3o de brilho; o uso de um dimmer em um LED n\u00e3o compat\u00edvel pode causar piscadas (<em class=\"eujQNb\" data-complete=\"true\" data-processed=\"true\">flicker<\/em>), ru\u00eddos ou queima precoce(eles s\u00e3o necess\u00e1rios para instala\u00e7\u00e3o das Fitas de led 12V e 24v), eles servem para transformar a energia da rede com tens\u00e3o 127 ou 220v em corrente de 12v ou 24v.<\/p>\n<p>c\u00e1lculo para escolha do drive \/Fonte ( deve-se considerar uma reserva de 20% na carga do drive\/fonte)<br \/>\npot\u00eancia da fita x quantidade de metros.<\/p>\n<ul>\n<li><strong>EXEMPLO DE COMO FAZER O C\u00c1LCULO DO DRIVER DE ACORDO COM A FITA E QUANTIDADE<\/strong><br \/>\nPara 5 metros fita led 4,8w = 4,8w potencia x 5 metros de fita = 24w total- Assim deve-se usar um igual ou superior a 30w j\u00e1 considerando a reserva de 20%<br \/>\nLink para as fita leds:<br \/>\nhttps:\/\/www.universoeletrico.com.br\/design\/categoria-produto\/tecnologia-led\/fita-led\/<\/li>\n<\/ul>\n<p>CONSULTE NOSSA EQUIPE APRA OUTRAS POT\u00caNCIAS\u00a0 E TENS\u00c3O DE DRIVES\u00a0 DIMERIZAVEL DISPOINVEIS<\/p>\n<p>251212 &#8211; DRIVER SLIM P\/FITA LED 60W 127V-12V DIM<\/p>\n<p>251145 &#8211; DRIVER P\/FITA LED 150W 12V 127V DIM<\/p>\n<p>251995 &#8211;\u00a0 DRIVER SLIM P\/FITA LED 60W 127 &#8211; 24V DIM<\/p>\n<p>251972 &#8211; DRIVER SLIM P\/FITA LED 100W 127 -24V DIM<\/p>\n<p>&nbsp;<\/p>\n<p>&nbsp;<\/p>\n","protected":false},"excerpt":{"rendered":"<p>O\u00a0driver dimeriz\u00e1vel\u00a0\u00e9 um componente eletr\u00f4nico que converte a energia da rede el\u00e9trica para alimentar l\u00e2mpadas ou fitas de LED, permitindo o controle da intensidade luminosa (brilho) de forma gradual. Ele \u00e9 essencial porque nem todo LED aceita varia\u00e7\u00e3o de brilho; o uso de um dimmer em um LED n\u00e3o compat\u00edvel pode causar piscadas (flicker), ru\u00eddos [&hellip;]<\/p>\n","protected":false},"featured_media":11547,"template":"","meta":[],"product_brand":[],"product_cat":[43,42],"product_tag":[176,106,180,181,182,173,175,87,177,174,89,178,179],"class_list":{"0":"post-11546","1":"product","2":"type-product","3":"status-publish","4":"has-post-thumbnail","6":"product_cat-fita-led","7":"product_cat-fitas-e-lampadas","8":"product_tag-alimentar-fita","9":"product_tag-area-externa","10":"product_tag-dimerizacao-de-iluminacao","11":"product_tag-dimerizacao-fita-led","12":"product_tag-dimerizacao-perfil","13":"product_tag-driver-para-fita-led","14":"product_tag-driver-slim","15":"product_tag-fita-led","16":"product_tag-fita12v","17":"product_tag-fonte-chaveada","18":"product_tag-ilumiancao-de-jardim","19":"product_tag-protecao-ip67","20":"product_tag-protegido-contra-chuva","22":"first","23":"instock","24":"shipping-taxable","25":"purchasable","26":"product-type-simple"},"_links":{"self":[{"href":"https:\/\/www.universoeletrico.com.br\/design\/index.php?rest_route=\/wp\/v2\/product\/11546","targetHints":{"allow":["GET"]}}],"collection":[{"href":"https:\/\/www.universoeletrico.com.br\/design\/index.php?rest_route=\/wp\/v2\/product"}],"about":[{"href":"https:\/\/www.universoeletrico.com.br\/design\/index.php?rest_route=\/wp\/v2\/types\/product"}],"wp:featuredmedia":[{"embeddable":true,"href":"https:\/\/www.universoeletrico.com.br\/design\/index.php?rest_route=\/wp\/v2\/media\/11547"}],"wp:attachment":[{"href":"https:\/\/www.universoeletrico.com.br\/design\/index.php?rest_route=%2Fwp%2Fv2%2Fmedia&parent=11546"}],"wp:term":[{"taxonomy":"product_brand","embeddable":true,"href":"https:\/\/www.universoeletrico.com.br\/design\/index.php?rest_route=%2Fwp%2Fv2%2Fproduct_brand&post=11546"},{"taxonomy":"product_cat","embeddable":true,"href":"https:\/\/www.universoeletrico.com.br\/design\/index.php?rest_route=%2Fwp%2Fv2%2Fproduct_cat&post=11546"},{"taxonomy":"product_tag","embeddable":true,"href":"https:\/\/www.universoeletrico.com.br\/design\/index.php?rest_route=%2Fwp%2Fv2%2Fproduct_tag&post=11546"}],"curies":[{"name":"wp","href":"https:\/\/api.w.org\/{rel}","templated":true}]}}