{"id":11396,"date":"2025-11-15T19:46:36","date_gmt":"2025-11-15T22:46:36","guid":{"rendered":"https:\/\/www.universoeletrico.com.br\/design\/?post_type=product&#038;p=11396"},"modified":"2026-01-15T10:04:46","modified_gmt":"2026-01-15T13:04:46","slug":"fita-led-cob-12v-9w","status":"publish","type":"product","link":"https:\/\/www.universoeletrico.com.br\/design\/?product=fita-led-cob-12v-9w","title":{"rendered":"Fita led Cob 12v 9w"},"content":{"rendered":"<p>As fitas LED COB (Chip On Board) destacam-se por uma ilumina\u00e7\u00e3o mais uniforme, alta qualidade e maior densidade de LEDs, resultando em uma luz suave e sem pontos vis\u00edveis. Em compara\u00e7\u00e3o com as fitas LED SMD (Surface Mount Device) tradicionais &#8211; \u00f3tima para uso em marcenaria e locais onde e superf\u00edcies o facho da luz gera o reflexo<\/p>\n<p>Tens\u00e3o\u00a0 12v ( obrigat\u00f3rio uso de drive vendido separadamente-<\/p>\n<p>Pot\u00eancia 9w metro\u00a0 &#8211; Fluxo luminoso &#8211; 855 lumens metro<\/p>\n<p>Grau de prote\u00e7\u00e3o &#8211; IP 20- uso interno-<\/p>\n<p>Temperatura de cor &#8211; 3000k<\/p>\n<p>rolo de 5 metros<\/p>\n<p><strong>27351- consulte op\u00e7\u00e3o para temperatura de cor 4000k pelo c\u00f3digo com nossa equipe<\/strong><\/p>\n<p>necessita uso de drive 12v ( c\u00e1lculo do drive deve ser feito com folga de 20% da carga total)<br \/>\nex. 5 metros de fita 9w = 9w x 5 metros pot\u00eancia total 45w &#8211; usar drive acima 55w )<br \/>\nTens\u00e3o 12V<br \/>\nIP -20<\/p>\n","protected":false},"excerpt":{"rendered":"<p>As fitas LED COB (Chip On Board) destacam-se por uma ilumina\u00e7\u00e3o mais uniforme, alta qualidade e maior densidade de LEDs, resultando em uma luz suave e sem pontos vis\u00edveis. Em compara\u00e7\u00e3o com as fitas LED SMD (Surface Mount Device) tradicionais &#8211; \u00f3tima para uso em marcenaria e locais onde e superf\u00edcies o facho da luz [&hellip;]<\/p>\n","protected":false},"featured_media":11050,"template":"","meta":[],"product_brand":[],"product_cat":[43,42],"product_tag":[],"class_list":{"0":"post-11396","1":"product","2":"type-product","3":"status-publish","4":"has-post-thumbnail","6":"product_cat-fita-led","7":"product_cat-fitas-e-lampadas","9":"first","10":"instock","11":"shipping-taxable","12":"purchasable","13":"product-type-simple"},"_links":{"self":[{"href":"https:\/\/www.universoeletrico.com.br\/design\/index.php?rest_route=\/wp\/v2\/product\/11396","targetHints":{"allow":["GET"]}}],"collection":[{"href":"https:\/\/www.universoeletrico.com.br\/design\/index.php?rest_route=\/wp\/v2\/product"}],"about":[{"href":"https:\/\/www.universoeletrico.com.br\/design\/index.php?rest_route=\/wp\/v2\/types\/product"}],"wp:featuredmedia":[{"embeddable":true,"href":"https:\/\/www.universoeletrico.com.br\/design\/index.php?rest_route=\/wp\/v2\/media\/11050"}],"wp:attachment":[{"href":"https:\/\/www.universoeletrico.com.br\/design\/index.php?rest_route=%2Fwp%2Fv2%2Fmedia&parent=11396"}],"wp:term":[{"taxonomy":"product_brand","embeddable":true,"href":"https:\/\/www.universoeletrico.com.br\/design\/index.php?rest_route=%2Fwp%2Fv2%2Fproduct_brand&post=11396"},{"taxonomy":"product_cat","embeddable":true,"href":"https:\/\/www.universoeletrico.com.br\/design\/index.php?rest_route=%2Fwp%2Fv2%2Fproduct_cat&post=11396"},{"taxonomy":"product_tag","embeddable":true,"href":"https:\/\/www.universoeletrico.com.br\/design\/index.php?rest_route=%2Fwp%2Fv2%2Fproduct_tag&post=11396"}],"curies":[{"name":"wp","href":"https:\/\/api.w.org\/{rel}","templated":true}]}}