{"id":11394,"date":"2025-11-15T19:38:17","date_gmt":"2025-11-15T22:38:17","guid":{"rendered":"https:\/\/www.universoeletrico.com.br\/design\/?post_type=product&#038;p=11394"},"modified":"2026-01-15T10:04:46","modified_gmt":"2026-01-15T13:04:46","slug":"fita-led-cob-12v-18w-3k","status":"publish","type":"product","link":"https:\/\/www.universoeletrico.com.br\/design\/?product=fita-led-cob-12v-18w-3k","title":{"rendered":"Fita led Cob 12v 18W &#8211; 3K"},"content":{"rendered":"<p>As fitas LED COB (Chip On Board) destacam-se por uma ilumina\u00e7\u00e3o mais uniforme, alta qualidade e maior densidade de LEDs, resultando em uma luz suave e sem pontos vis\u00edveis. Em compara\u00e7\u00e3o com as fitas LED SMD (Surface Mount Device) tradicionais \u00f3tima para uso em marcenaria e locais onde e superf\u00edcies o facho da luz gera o reflexo<\/p>\n<p>Tens\u00e3o &#8211; 12v &#8211; ( obrigat\u00f3rio uso de drive vendido separadamente)<\/p>\n<p>Pot\u00eancia 18w metro- Fluxo luminosos- 1800 lumens metro-<\/p>\n<p>Temperatura de cor 3000k<\/p>\n<p>grau prote\u00e7\u00e3o &#8211; ip 20 &#8211; uso interno<\/p>\n<p>necessita uso de drive 12v ( c\u00e1lculo do drive deve ser feito com folga de 20% da carga total)<br \/>\nex. 5 metros de fita 9w = 9w x 5 metros pot\u00eancia total 45w &#8211; usar drive acima 55w )<\/p>\n<p>&nbsp;<\/p>\n<p><strong>256715 -CONSULTE OP\u00c7\u00c3O DE TEMPERATURA COR 4000K<\/strong><\/p>\n","protected":false},"excerpt":{"rendered":"<p>As fitas LED COB (Chip On Board) destacam-se por uma ilumina\u00e7\u00e3o mais uniforme, alta qualidade e maior densidade de LEDs, resultando em uma luz suave e sem pontos vis\u00edveis. Em compara\u00e7\u00e3o com as fitas LED SMD (Surface Mount Device) tradicionais \u00f3tima para uso em marcenaria e locais onde e superf\u00edcies o facho da luz gera [&hellip;]<\/p>\n","protected":false},"featured_media":11050,"template":"","meta":[],"product_brand":[],"product_cat":[43,42],"product_tag":[],"class_list":{"0":"post-11394","1":"product","2":"type-product","3":"status-publish","4":"has-post-thumbnail","6":"product_cat-fita-led","7":"product_cat-fitas-e-lampadas","9":"first","10":"instock","11":"shipping-taxable","12":"purchasable","13":"product-type-simple"},"_links":{"self":[{"href":"https:\/\/www.universoeletrico.com.br\/design\/index.php?rest_route=\/wp\/v2\/product\/11394","targetHints":{"allow":["GET"]}}],"collection":[{"href":"https:\/\/www.universoeletrico.com.br\/design\/index.php?rest_route=\/wp\/v2\/product"}],"about":[{"href":"https:\/\/www.universoeletrico.com.br\/design\/index.php?rest_route=\/wp\/v2\/types\/product"}],"wp:featuredmedia":[{"embeddable":true,"href":"https:\/\/www.universoeletrico.com.br\/design\/index.php?rest_route=\/wp\/v2\/media\/11050"}],"wp:attachment":[{"href":"https:\/\/www.universoeletrico.com.br\/design\/index.php?rest_route=%2Fwp%2Fv2%2Fmedia&parent=11394"}],"wp:term":[{"taxonomy":"product_brand","embeddable":true,"href":"https:\/\/www.universoeletrico.com.br\/design\/index.php?rest_route=%2Fwp%2Fv2%2Fproduct_brand&post=11394"},{"taxonomy":"product_cat","embeddable":true,"href":"https:\/\/www.universoeletrico.com.br\/design\/index.php?rest_route=%2Fwp%2Fv2%2Fproduct_cat&post=11394"},{"taxonomy":"product_tag","embeddable":true,"href":"https:\/\/www.universoeletrico.com.br\/design\/index.php?rest_route=%2Fwp%2Fv2%2Fproduct_tag&post=11394"}],"curies":[{"name":"wp","href":"https:\/\/api.w.org\/{rel}","templated":true}]}}