{"id":11079,"date":"2025-06-05T11:08:27","date_gmt":"2025-06-05T14:08:27","guid":{"rendered":"https:\/\/www.universoeletrico.com.br\/design\/?post_type=product&#038;p=11079"},"modified":"2026-01-15T15:36:23","modified_gmt":"2026-01-15T18:36:23","slug":"spot-sobrepor-para-perfilado","status":"publish","type":"product","link":"https:\/\/www.universoeletrico.com.br\/design\/?product=spot-sobrepor-para-perfilado","title":{"rendered":"*PENDENTE H 1,30MT  P\/TUBO LED OU FITA LED &#8211; PRETO"},"content":{"rendered":"<p>Os pendentes s\u00e3o tend\u00eancia em projetos de ilumina\u00e7\u00e3o decorativa em todo o pa\u00eds. \u00c9 por isso que o design corporativo e formato Linear permite aplica\u00e7\u00e3o em v\u00e1rios ambientes, seja ele residencial, comercial ou empresarial. Outro benef\u00edcio do modelo \u00e9 sua funcionalidade, que proporciona uma ilumina\u00e7\u00e3o bem distribu\u00edda por todo o espa\u00e7o,, utilizando 1x Tubular T8 120cm (n\u00e3o inclusas) e soquete G13. O produto \u00e9 perfeito para compor a decora\u00e7\u00e3o de escrit\u00f3rio.<\/p>\n<p>Material &#8211; Aluminio<\/p>\n<p>Pintura \u00c9poxi<\/p>\n<p>dimenss\u00f5es &#8211; 4x6x130 cm<\/p>\n<p>Obs &#8211; Podemos fazer este pendente em diversos comprimento e outros formatos\u00a0( consulte\u00a0 nosssa equipe de projetos para outras op\u00e7\u00f5es de tamanhos e formatos) e cor de acabamento.<\/p>\n","protected":false},"excerpt":{"rendered":"<p>Os pendentes s\u00e3o tend\u00eancia em projetos de ilumina\u00e7\u00e3o decorativa em todo o pa\u00eds. \u00c9 por isso que o design corporativo e formato Linear permite aplica\u00e7\u00e3o em v\u00e1rios ambientes, seja ele residencial, comercial ou empresarial. Outro benef\u00edcio do modelo \u00e9 sua funcionalidade, que proporciona uma ilumina\u00e7\u00e3o bem distribu\u00edda por todo o espa\u00e7o,, utilizando 1x Tubular T8 [&hellip;]<\/p>\n","protected":false},"featured_media":11509,"template":"","meta":[],"product_brand":[],"product_cat":[23,16],"product_tag":[136,140,138,104,139,135,137],"class_list":{"0":"post-11079","1":"product","2":"type-product","3":"status-publish","4":"has-post-thumbnail","6":"product_cat-lustre-e-pendentes","7":"product_cat-residencial-e-predial","8":"product_tag-linear","9":"product_tag-luz-direta-e-indireta","10":"product_tag-pendente-home-office","11":"product_tag-pendente-led","12":"product_tag-pendente-mesa-escritorio","13":"product_tag-pendente-retangular","14":"product_tag-pendete-escritorio","16":"first","17":"instock","18":"shipping-taxable","19":"purchasable","20":"product-type-simple"},"_links":{"self":[{"href":"https:\/\/www.universoeletrico.com.br\/design\/index.php?rest_route=\/wp\/v2\/product\/11079","targetHints":{"allow":["GET"]}}],"collection":[{"href":"https:\/\/www.universoeletrico.com.br\/design\/index.php?rest_route=\/wp\/v2\/product"}],"about":[{"href":"https:\/\/www.universoeletrico.com.br\/design\/index.php?rest_route=\/wp\/v2\/types\/product"}],"wp:featuredmedia":[{"embeddable":true,"href":"https:\/\/www.universoeletrico.com.br\/design\/index.php?rest_route=\/wp\/v2\/media\/11509"}],"wp:attachment":[{"href":"https:\/\/www.universoeletrico.com.br\/design\/index.php?rest_route=%2Fwp%2Fv2%2Fmedia&parent=11079"}],"wp:term":[{"taxonomy":"product_brand","embeddable":true,"href":"https:\/\/www.universoeletrico.com.br\/design\/index.php?rest_route=%2Fwp%2Fv2%2Fproduct_brand&post=11079"},{"taxonomy":"product_cat","embeddable":true,"href":"https:\/\/www.universoeletrico.com.br\/design\/index.php?rest_route=%2Fwp%2Fv2%2Fproduct_cat&post=11079"},{"taxonomy":"product_tag","embeddable":true,"href":"https:\/\/www.universoeletrico.com.br\/design\/index.php?rest_route=%2Fwp%2Fv2%2Fproduct_tag&post=11079"}],"curies":[{"name":"wp","href":"https:\/\/api.w.org\/{rel}","templated":true}]}}