{"id":11012,"date":"2025-05-24T10:53:08","date_gmt":"2025-05-24T13:53:08","guid":{"rendered":"https:\/\/www.universoeletrico.com.br\/design\/?post_type=product&#038;p=11012"},"modified":"2026-01-15T15:36:25","modified_gmt":"2026-01-15T18:36:25","slug":"arandela-hydra-cilindro-tenri-1xmr16-pt","status":"publish","type":"product","link":"https:\/\/www.universoeletrico.com.br\/design\/?product=arandela-hydra-cilindro-tenri-1xmr16-pt","title":{"rendered":"ARANDELA HYDRA CILINDOR TENR-1XMR16 PT"},"content":{"rendered":"<p>Com design cl\u00e1ssico e um visual imponente, nossa Arandela\u00a0 torna a ilumina\u00e7\u00e3o ambiente muito mais aconchegante, al\u00e9m de valorizar a decora\u00e7\u00e3o.<\/p>\n<ul>\n<li>Modelo cilindrico<\/li>\n<li>matetial em alumino e pintura ep\u00f3xi<\/li>\n<li>Soquete gu-10 para l\u00e2mpada MR-16 &#8211; vendida separadamente<\/li>\n<li>dimess\u00f5es : 130x77x87mm<\/li>\n<\/ul>\n<p>&nbsp;<\/p>\n","protected":false},"excerpt":{"rendered":"<p>Com design cl\u00e1ssico e um visual imponente, nossa Arandela\u00a0 torna a ilumina\u00e7\u00e3o ambiente muito mais aconchegante, al\u00e9m de valorizar a decora\u00e7\u00e3o. Modelo cilindrico matetial em alumino e pintura ep\u00f3xi Soquete gu-10 para l\u00e2mpada MR-16 &#8211; vendida separadamente dimess\u00f5es : 130x77x87mm &nbsp;<\/p>\n","protected":false},"featured_media":11505,"template":"","meta":[],"product_brand":[],"product_cat":[18,81,28,16],"product_tag":[],"class_list":{"0":"post-11012","1":"product","2":"type-product","3":"status-publish","4":"has-post-thumbnail","6":"product_cat-arandelas-internas","7":"product_cat-arandelas-para-area-externa","8":"product_cat-area-externa","9":"product_cat-residencial-e-predial","11":"first","12":"instock","13":"shipping-taxable","14":"purchasable","15":"product-type-simple"},"_links":{"self":[{"href":"https:\/\/www.universoeletrico.com.br\/design\/index.php?rest_route=\/wp\/v2\/product\/11012","targetHints":{"allow":["GET"]}}],"collection":[{"href":"https:\/\/www.universoeletrico.com.br\/design\/index.php?rest_route=\/wp\/v2\/product"}],"about":[{"href":"https:\/\/www.universoeletrico.com.br\/design\/index.php?rest_route=\/wp\/v2\/types\/product"}],"wp:featuredmedia":[{"embeddable":true,"href":"https:\/\/www.universoeletrico.com.br\/design\/index.php?rest_route=\/wp\/v2\/media\/11505"}],"wp:attachment":[{"href":"https:\/\/www.universoeletrico.com.br\/design\/index.php?rest_route=%2Fwp%2Fv2%2Fmedia&parent=11012"}],"wp:term":[{"taxonomy":"product_brand","embeddable":true,"href":"https:\/\/www.universoeletrico.com.br\/design\/index.php?rest_route=%2Fwp%2Fv2%2Fproduct_brand&post=11012"},{"taxonomy":"product_cat","embeddable":true,"href":"https:\/\/www.universoeletrico.com.br\/design\/index.php?rest_route=%2Fwp%2Fv2%2Fproduct_cat&post=11012"},{"taxonomy":"product_tag","embeddable":true,"href":"https:\/\/www.universoeletrico.com.br\/design\/index.php?rest_route=%2Fwp%2Fv2%2Fproduct_tag&post=11012"}],"curies":[{"name":"wp","href":"https:\/\/api.w.org\/{rel}","templated":true}]}}