{"id":11007,"date":"2025-05-24T10:26:57","date_gmt":"2025-05-24T13:26:57","guid":{"rendered":"https:\/\/www.universoeletrico.com.br\/design\/?post_type=product&#038;p=11007"},"modified":"2026-01-15T15:36:25","modified_gmt":"2026-01-15T18:36:25","slug":"fita-led-irc-97","status":"publish","type":"product","link":"https:\/\/www.universoeletrico.com.br\/design\/?product=fita-led-irc-97","title":{"rendered":"Fita led 21w 3000k- ALTO IRC 97"},"content":{"rendered":"<p>Com IRC97, garante fidelidade excepcional na reprodu\u00e7\u00e3o de cores, sendo perfeita para projetos que exigem precis\u00e3o luminosa e acabamento t\u00e9cnico refinado para um resultado \u00e0 altura dos projetos com o mais elevado padr\u00e3o de qualidade e contam com alto n\u00edvel de constru\u00e7\u00e3o e componentes.\u00a0 O resultado \u00e9 uma ilumina\u00e7\u00e3o totalmente homog\u00eanea em toda a sua extens\u00e3o, real\u00e7ando os detalhes do ambiente emantendo a fidelidade das cores reias, como em galerias de artes, lojas de j\u00f3ias e ropupas de luxo<\/p>\n<p>Temperatura de Cor -3.000K<br \/>\nPot\u00eancia &#8211; 21W\/m<br \/>\nFluxo Luminoso 1.976LM\/m<br \/>\nQuant. Leds\/m 240 leds\/m<br \/>\nIRC-97<br \/>\nGrau de Prote\u00e7\u00e3o-IP20<br \/>\nDimeriz\u00e1vel- Sim<br \/>\nTens\u00e3o DC 12V<br \/>\nMaterial Cobre<br \/>\nRolo -5 Metros<br \/>\nGarantia &#8211; 2 Anos<\/p>\n<p>Abaixo op\u00e7\u00e3o de outras pot\u00eancias da fita irc97<\/p>\n<p>257155 FITA LED 9W\/M IRC97 3000K 12V IP20 5M<\/p>\n","protected":false},"excerpt":{"rendered":"<p>Com IRC97, garante fidelidade excepcional na reprodu\u00e7\u00e3o de cores, sendo perfeita para projetos que exigem precis\u00e3o luminosa e acabamento t\u00e9cnico refinado para um resultado \u00e0 altura dos projetos com o mais elevado padr\u00e3o de qualidade e contam com alto n\u00edvel de constru\u00e7\u00e3o e componentes.\u00a0 O resultado \u00e9 uma ilumina\u00e7\u00e3o totalmente homog\u00eanea em toda a sua [&hellip;]<\/p>\n","protected":false},"featured_media":11008,"template":"","meta":[],"product_brand":[],"product_cat":[43,42],"product_tag":[148,146,147,145],"class_list":{"0":"post-11007","1":"product","2":"type-product","3":"status-publish","4":"has-post-thumbnail","6":"product_cat-fita-led","7":"product_cat-fitas-e-lampadas","8":"product_tag-fita-alto-irc","9":"product_tag-fita-led-alto-irc","10":"product_tag-indice-reproducao-de-cor","11":"product_tag-irc-97","13":"first","14":"instock","15":"shipping-taxable","16":"purchasable","17":"product-type-simple"},"_links":{"self":[{"href":"https:\/\/www.universoeletrico.com.br\/design\/index.php?rest_route=\/wp\/v2\/product\/11007","targetHints":{"allow":["GET"]}}],"collection":[{"href":"https:\/\/www.universoeletrico.com.br\/design\/index.php?rest_route=\/wp\/v2\/product"}],"about":[{"href":"https:\/\/www.universoeletrico.com.br\/design\/index.php?rest_route=\/wp\/v2\/types\/product"}],"wp:featuredmedia":[{"embeddable":true,"href":"https:\/\/www.universoeletrico.com.br\/design\/index.php?rest_route=\/wp\/v2\/media\/11008"}],"wp:attachment":[{"href":"https:\/\/www.universoeletrico.com.br\/design\/index.php?rest_route=%2Fwp%2Fv2%2Fmedia&parent=11007"}],"wp:term":[{"taxonomy":"product_brand","embeddable":true,"href":"https:\/\/www.universoeletrico.com.br\/design\/index.php?rest_route=%2Fwp%2Fv2%2Fproduct_brand&post=11007"},{"taxonomy":"product_cat","embeddable":true,"href":"https:\/\/www.universoeletrico.com.br\/design\/index.php?rest_route=%2Fwp%2Fv2%2Fproduct_cat&post=11007"},{"taxonomy":"product_tag","embeddable":true,"href":"https:\/\/www.universoeletrico.com.br\/design\/index.php?rest_route=%2Fwp%2Fv2%2Fproduct_tag&post=11007"}],"curies":[{"name":"wp","href":"https:\/\/api.w.org\/{rel}","templated":true}]}}