{"id":11002,"date":"2025-11-15T09:57:08","date_gmt":"2025-11-15T12:57:08","guid":{"rendered":"https:\/\/www.universoeletrico.com.br\/design\/?post_type=product&#038;p=11002"},"modified":"2026-01-15T15:36:26","modified_gmt":"2026-01-15T18:36:26","slug":"painel-luminaria-de-embutir-led-downlight-30w","status":"publish","type":"product","link":"https:\/\/www.universoeletrico.com.br\/design\/?product=painel-luminaria-de-embutir-led-downlight-30w","title":{"rendered":"Painel Lumin\u00e1ria de Embutir LED Downlight 30w 3000k"},"content":{"rendered":"<p>Embutir LED Downlight Redondo 3000K 30W Policarbonato e Alum\u00ednio Branco- ideal para ambientes comerciais e escrit\u00f3rios<\/p>\n<p>Fluxo Luminoso 2400 lumens<br \/>\nIRC (\u00cdndice de Reprodu\u00e7\u00e3o de Cor) &gt;80<br \/>\nPot\u00eancia &#8211; 30W<br \/>\nDi\u00e2metro \u00d8 (cm) 21,5<br \/>\nBi volt<\/p>\n<p>253185 consulte op\u00e7\u00e3o em temperatura cor 6500k pelo c\u00f3digo<\/p>\n<p><img fetchpriority=\"high\" decoding=\"async\" class=\"alignleft size-full wp-image-11003\" src=\"https:\/\/www.universoeletrico.com.br\/design\/wp-content\/uploads\/2025\/05\/WhatsApp-Image-2025-05-24-at-09.45.09.jpeg\" alt=\"\" width=\"756\" height=\"437\" \/><\/p>\n<p>&nbsp;<\/p>\n","protected":false},"excerpt":{"rendered":"<p>Embutir LED Downlight Redondo 3000K 30W Policarbonato e Alum\u00ednio Branco- ideal para ambientes comerciais e escrit\u00f3rios Fluxo Luminoso 2400 lumens IRC (\u00cdndice de Reprodu\u00e7\u00e3o de Cor) &gt;80 Pot\u00eancia &#8211; 30W Di\u00e2metro \u00d8 (cm) 21,5 Bi volt 253185 consulte op\u00e7\u00e3o em temperatura cor 6500k pelo c\u00f3digo &nbsp;<\/p>\n","protected":false},"featured_media":11003,"template":"","meta":[],"product_brand":[],"product_cat":[20,19,16],"product_tag":[],"class_list":{"0":"post-11002","1":"product","2":"type-product","3":"status-publish","4":"has-post-thumbnail","6":"product_cat-comercial","7":"product_cat-perfil-e-eplafons-embutidos","8":"product_cat-residencial-e-predial","10":"first","11":"instock","12":"shipping-taxable","13":"purchasable","14":"product-type-simple"},"_links":{"self":[{"href":"https:\/\/www.universoeletrico.com.br\/design\/index.php?rest_route=\/wp\/v2\/product\/11002","targetHints":{"allow":["GET"]}}],"collection":[{"href":"https:\/\/www.universoeletrico.com.br\/design\/index.php?rest_route=\/wp\/v2\/product"}],"about":[{"href":"https:\/\/www.universoeletrico.com.br\/design\/index.php?rest_route=\/wp\/v2\/types\/product"}],"wp:featuredmedia":[{"embeddable":true,"href":"https:\/\/www.universoeletrico.com.br\/design\/index.php?rest_route=\/wp\/v2\/media\/11003"}],"wp:attachment":[{"href":"https:\/\/www.universoeletrico.com.br\/design\/index.php?rest_route=%2Fwp%2Fv2%2Fmedia&parent=11002"}],"wp:term":[{"taxonomy":"product_brand","embeddable":true,"href":"https:\/\/www.universoeletrico.com.br\/design\/index.php?rest_route=%2Fwp%2Fv2%2Fproduct_brand&post=11002"},{"taxonomy":"product_cat","embeddable":true,"href":"https:\/\/www.universoeletrico.com.br\/design\/index.php?rest_route=%2Fwp%2Fv2%2Fproduct_cat&post=11002"},{"taxonomy":"product_tag","embeddable":true,"href":"https:\/\/www.universoeletrico.com.br\/design\/index.php?rest_route=%2Fwp%2Fv2%2Fproduct_tag&post=11002"}],"curies":[{"name":"wp","href":"https:\/\/api.w.org\/{rel}","templated":true}]}}