{"id":10047,"date":"2024-09-14T10:37:08","date_gmt":"2024-09-14T13:37:08","guid":{"rendered":"https:\/\/www.universoeletrico.com.br\/design\/?post_type=product&#038;p=10047"},"modified":"2026-01-15T15:36:26","modified_gmt":"2026-01-15T18:36:26","slug":"balizador-eclipse-led","status":"publish","type":"product","link":"https:\/\/www.universoeletrico.com.br\/design\/?product=balizador-eclipse-led","title":{"rendered":"*BALIZADOR WAY SIDE QUAD 1FC1,5W 3K IP67"},"content":{"rendered":"<p>A fam\u00edlia Way apresenta modelos com recuo, grade e efeitos horizontais para o m\u00e1ximo conforto visual. Al\u00e9m do corpo compacto e robusto dos produtos, seu conector exclusivo oferece maior prote\u00e7\u00e3o contra intemp\u00e9ries, impedindo a entrada de umidade. A caixa de instala\u00e7\u00e3o \u00e9 outro diferencial, com mais espa\u00e7o para acomodar conex\u00f5es el\u00e9tricas. Dispon\u00edvel em duas op\u00e7\u00f5es: extrabaixa tens\u00e3o e bivolt.<\/p>\n<table style=\"height: 204px;\" width=\"442\" data-v-3e368732=\"\">\n<tbody data-v-3e368732=\"\">\n<tr data-v-3e368732=\"\">\n<td data-v-3e368732=\"\">IRC (\u00cdndice de reprodu\u00e7\u00e3o de cores)<\/td>\n<td data-v-3e368732=\"\">&gt;80<\/td>\n<\/tr>\n<tr data-v-3e368732=\"\">\n<td data-v-3e368732=\"\">Grau de prote\u00e7\u00e3o (IP)<\/td>\n<td data-v-3e368732=\"\">IP67<\/td>\n<\/tr>\n<tr data-v-3e368732=\"\">\n<td data-v-3e368732=\"\">Fator de pot\u00eancia<\/td>\n<td data-v-3e368732=\"\">&gt;0,5<\/td>\n<\/tr>\n<tr data-v-3e368732=\"\">\n<td data-v-3e368732=\"\">Vida \u00fatil (L70)<\/td>\n<td data-v-3e368732=\"\">25000h<\/td>\n<\/tr>\n<tr data-v-3e368732=\"\">\n<td data-v-3e368732=\"\">Fluxo luminoso<\/td>\n<td data-v-3e368732=\"\">2 Lumens<\/td>\n<\/tr>\n<tr data-v-3e368732=\"\">\n<td data-v-3e368732=\"\">Grau abertura facho<\/td>\n<td data-v-3e368732=\"\">80\u00b0<\/td>\n<\/tr>\n<tr data-v-3e368732=\"\">\n<td data-v-3e368732=\"\"><\/td>\n<\/tr>\n<\/tbody>\n<\/table>\n<p>Consulte nossa equipe para op\u00e7\u00f5es com mais fachos de luz<\/p>\n<p>242152- *BALIZADOR WAY SIDE QUAD 2FC1,5W 3K IP67<\/p>\n<h2>Saiba como escolher o balizador certo conforme seu projeto<\/h2>\n<div class=\"Y3BBE\" data-sfc-cp=\"\" data-hveid=\"CAEICBAA\" data-processed=\"true\" data-complete=\"true\"><strong class=\"Yjhzub\" data-complete=\"true\" data-processed=\"true\">Balizador LED\u00a0 \u2013 Seguran\u00e7a Inteligente e Design Minimalista<\/strong><button class=\"rBl3me\" tabindex=\"0\" data-amic=\"true\" data-icl-uuid=\"157dc8ec-3c28-491d-8c52-d1087386ca3a\" aria-label=\"Mostrar links relacionados\" data-wiz-attrbind=\"disabled=rnND6e_3n\/C5gNJc;class=rnND6e_3n\/UpSNec\" data-ved=\"2ahUKEwji8O6g0PyRAxUDIrkGHbr8IKAQye0OegYIAQgIEAE\"><\/button><\/div>\n<div class=\"Y3BBE\" data-sfc-cp=\"\" data-hveid=\"CAEICRAA\" data-processed=\"true\" data-complete=\"true\">&#8220;Guie seus passos com a eleg\u00e2ncia da ilumina\u00e7\u00e3o t\u00e9cnica. Nossos balizadores foram projetados para transformar escadas e corredores em caminhos seguros, sem comprometer o conforto visual ou a est\u00e9tica do ambiente.&#8221;<button class=\"rBl3me\" tabindex=\"0\" data-amic=\"true\" data-icl-uuid=\"637d91a7-9e47-463f-abc7-297511b9cca2\" aria-label=\"Mostrar links relacionados\" data-wiz-attrbind=\"disabled=rnND6e_3r\/C5gNJc;class=rnND6e_3r\/UpSNec\" data-ved=\"2ahUKEwji8O6g0PyRAxUDIrkGHbr8IKAQye0OegYIAQgJEAE\"><\/button><\/div>\n<ul class=\"KsbFXc U6u95\" data-complete=\"true\" data-processed=\"true\">\n<li data-hveid=\"CAEIChAA\" data-complete=\"true\" data-sae=\"\"><span class=\"T286Pc\" data-sfc-cp=\"\" data-complete=\"true\"><strong class=\"Yjhzub\" data-complete=\"true\">Ilumina\u00e7\u00e3o de Orienta\u00e7\u00e3o (Facho Direcionado):<\/strong>\u00a0Projetado com facho de luz voltado para baixo, iluminando apenas o degrau e eliminando o ofuscamento direto nos olhos.<\/span><\/li>\n<li data-hveid=\"CAEIChAB\" data-complete=\"true\" data-sae=\"\"><span class=\"T286Pc\" data-sfc-cp=\"\" data-complete=\"true\"><strong class=\"Yjhzub\" data-complete=\"true\">Efici\u00eancia e Delicadeza:<\/strong>\u00a0Pot\u00eancia otimizada de\u00a0<strong class=\"Yjhzub\" data-complete=\"true\">2W<\/strong>, proporcionando o brilho exato para sinaliza\u00e7\u00e3o noturna com consumo m\u00ednimo de energia.<\/span><\/li>\n<li data-hveid=\"CAEIChAC\" data-complete=\"true\" data-sae=\"\"><span class=\"T286Pc\" data-sfc-cp=\"\" data-complete=\"true\"><strong class=\"Yjhzub\" data-complete=\"true\">Versatilidade de Projeto:<\/strong><\/span>\n<ul class=\"KsbFXc U6u95\" data-complete=\"true\">\n<li data-hveid=\"CAEIChAD\" data-complete=\"true\" data-sae=\"\"><span class=\"T286Pc\" data-sfc-cp=\"\" data-complete=\"true\"><strong class=\"Yjhzub\" data-complete=\"true\">Facho Aberto:<\/strong>\u00a0Para ilumina\u00e7\u00e3o ampla e funcional do degrau inteiro.<\/span><\/li>\n<li data-hveid=\"CAEIChAE\" data-complete=\"true\" data-sae=\"\"><span class=\"T286Pc\" data-sfc-cp=\"\" data-complete=\"true\"><strong class=\"Yjhzub\" data-complete=\"true\">Facho Pontual (Efeito):<\/strong>\u00a0Para criar marcas de luz decorativas e real\u00e7ar a textura dos materiais.<\/span><\/li>\n<\/ul>\n<\/li>\n<li data-hveid=\"CAEIChAF\" data-complete=\"true\" data-sae=\"\"><span class=\"T286Pc\" data-sfc-cp=\"\" data-complete=\"true\"><strong class=\"Yjhzub\" data-complete=\"true\">Alta Durabilidade:<\/strong>\u00a0Dispon\u00edvel em acabamentos de alum\u00ednio com tratamento anticorrosivo e prote\u00e7\u00e3o\u00a0<strong class=\"Yjhzub\" data-complete=\"true\">IP65<\/strong>, garantindo performance tanto em escadas internas quanto em \u00e1reas externas expostas ao tempo.<\/span><\/li>\n<li data-hveid=\"CAEIChAG\" data-complete=\"true\" data-sae=\"\"><span class=\"T286Pc\" data-sfc-cp=\"\" data-complete=\"true\"><strong class=\"Yjhzub\" data-complete=\"true\">Est\u00e9tica 2026:<\/strong>\u00a0Design ultra-fino que se integra \u00e0 arquitetura, dispon\u00edvel em temperaturas de cor quente (3000K) para ambientes residenciais aconchegantes<\/span><\/li>\n<\/ul>\n","protected":false},"excerpt":{"rendered":"<p>A fam\u00edlia Way apresenta modelos com recuo, grade e efeitos horizontais para o m\u00e1ximo conforto visual. Al\u00e9m do corpo compacto e robusto dos produtos, seu conector exclusivo oferece maior prote\u00e7\u00e3o contra intemp\u00e9ries, impedindo a entrada de umidade. A caixa de instala\u00e7\u00e3o \u00e9 outro diferencial, com mais espa\u00e7o para acomodar conex\u00f5es el\u00e9tricas. Dispon\u00edvel em duas op\u00e7\u00f5es: [&hellip;]<\/p>\n","protected":false},"featured_media":11471,"template":"","meta":[],"product_brand":[],"product_cat":[28,36,29],"product_tag":[106,112,125,108,115,120,127],"class_list":{"0":"post-10047","1":"product","2":"type-product","3":"status-publish","4":"has-post-thumbnail","6":"product_cat-area-externa","7":"product_cat-balizadores-de-parede-e-escada","8":"product_cat-embutidos-e-balizadores-de-solo","9":"product_tag-area-externa","10":"product_tag-balizador","11":"product_tag-facho-de-luz","12":"product_tag-iluminacao-deck","13":"product_tag-iluminacao-externa","14":"product_tag-stella","15":"product_tag-way-side","17":"first","18":"instock","19":"shipping-taxable","20":"purchasable","21":"product-type-simple"},"_links":{"self":[{"href":"https:\/\/www.universoeletrico.com.br\/design\/index.php?rest_route=\/wp\/v2\/product\/10047","targetHints":{"allow":["GET"]}}],"collection":[{"href":"https:\/\/www.universoeletrico.com.br\/design\/index.php?rest_route=\/wp\/v2\/product"}],"about":[{"href":"https:\/\/www.universoeletrico.com.br\/design\/index.php?rest_route=\/wp\/v2\/types\/product"}],"wp:featuredmedia":[{"embeddable":true,"href":"https:\/\/www.universoeletrico.com.br\/design\/index.php?rest_route=\/wp\/v2\/media\/11471"}],"wp:attachment":[{"href":"https:\/\/www.universoeletrico.com.br\/design\/index.php?rest_route=%2Fwp%2Fv2%2Fmedia&parent=10047"}],"wp:term":[{"taxonomy":"product_brand","embeddable":true,"href":"https:\/\/www.universoeletrico.com.br\/design\/index.php?rest_route=%2Fwp%2Fv2%2Fproduct_brand&post=10047"},{"taxonomy":"product_cat","embeddable":true,"href":"https:\/\/www.universoeletrico.com.br\/design\/index.php?rest_route=%2Fwp%2Fv2%2Fproduct_cat&post=10047"},{"taxonomy":"product_tag","embeddable":true,"href":"https:\/\/www.universoeletrico.com.br\/design\/index.php?rest_route=%2Fwp%2Fv2%2Fproduct_tag&post=10047"}],"curies":[{"name":"wp","href":"https:\/\/api.w.org\/{rel}","templated":true}]}}