{"id":10042,"date":"2024-09-14T09:44:24","date_gmt":"2024-09-14T12:44:24","guid":{"rendered":"https:\/\/www.universoeletrico.com.br\/design\/?post_type=product&#038;p=10042"},"modified":"2026-03-04T14:35:14","modified_gmt":"2026-03-04T17:35:14","slug":"embutido-redodno-plano-abs","status":"publish","type":"product","link":"https:\/\/www.universoeletrico.com.br\/design\/?product=embutido-redodno-plano-abs","title":{"rendered":"SPOT LED EMB. RED. 5W 3000K 8,5CM"},"content":{"rendered":"<p>Os Spots de Embutir s\u00e3o pe\u00e7as indispens\u00e1veis para os projetos de decoradores e arquitetos, extremamente funcional pode ser utilizado tanto com forro de gesso, quanto gesso acartonado. .Com a tens\u00e3o Bivolt e seu LED que j\u00e1 vem incluso, pode ser utilizado em praticamente todos os ambientes como banheiro, cozinha, escrit\u00f3rio, quarto, sala de estar, sala de jantar, home office, hall, lavabo, varanda, closet. Al\u00e9m disso. Seu estilo clean, t\u00e9cnico classifica o spot de embutir como um produto para todo ambiente, estilo e ocasi\u00e3o (utilizando desde ambientes integrados at\u00e9 em corporativos, clin\u00edcas, varejo etc). Para a aplica\u00e7\u00e3o acima, os spots de embutir est\u00e3o dispon\u00edveis em v\u00e1rias cores &#8211; o item em quest\u00e3o \u00e9 um spot de embutir Branco<\/p>\n<p>Potencia &#8211; 5w<\/p>\n<p>Temperatura cor 6,5k<\/p>\n<p>Consute nossa equipe de vendas para outras op\u00e7\u00f5es de temperatura de cor<\/p>\n<p>255020 &#8211; SPOT LED EMB. RED. 5W 4000k<\/p>\n<p>251440 &#8211; SPOT LED EMB. RED. 5W 3000k<\/p>\n<p>&nbsp;<\/p>\n","protected":false},"excerpt":{"rendered":"<p>Os Spots de Embutir s\u00e3o pe\u00e7as indispens\u00e1veis para os projetos de decoradores e arquitetos, extremamente funcional pode ser utilizado tanto com forro de gesso, quanto gesso acartonado. .Com a tens\u00e3o Bivolt e seu LED que j\u00e1 vem incluso, pode ser utilizado em praticamente todos os ambientes como banheiro, cozinha, escrit\u00f3rio, quarto, sala de estar, sala [&hellip;]<\/p>\n","protected":false},"featured_media":11652,"template":"","meta":[],"product_brand":[],"product_cat":[19,16],"product_tag":[152,153,154,155],"class_list":{"0":"post-10042","1":"product","2":"type-product","3":"status-publish","4":"has-post-thumbnail","6":"product_cat-perfil-e-eplafons-embutidos","7":"product_cat-residencial-e-predial","8":"product_tag-embutido-led","9":"product_tag-embutidos-dic-led","10":"product_tag-embutidos-integrados","11":"product_tag-iluminacao-foco","13":"first","14":"instock","15":"shipping-taxable","16":"purchasable","17":"product-type-simple"},"_links":{"self":[{"href":"https:\/\/www.universoeletrico.com.br\/design\/index.php?rest_route=\/wp\/v2\/product\/10042","targetHints":{"allow":["GET"]}}],"collection":[{"href":"https:\/\/www.universoeletrico.com.br\/design\/index.php?rest_route=\/wp\/v2\/product"}],"about":[{"href":"https:\/\/www.universoeletrico.com.br\/design\/index.php?rest_route=\/wp\/v2\/types\/product"}],"wp:featuredmedia":[{"embeddable":true,"href":"https:\/\/www.universoeletrico.com.br\/design\/index.php?rest_route=\/wp\/v2\/media\/11652"}],"wp:attachment":[{"href":"https:\/\/www.universoeletrico.com.br\/design\/index.php?rest_route=%2Fwp%2Fv2%2Fmedia&parent=10042"}],"wp:term":[{"taxonomy":"product_brand","embeddable":true,"href":"https:\/\/www.universoeletrico.com.br\/design\/index.php?rest_route=%2Fwp%2Fv2%2Fproduct_brand&post=10042"},{"taxonomy":"product_cat","embeddable":true,"href":"https:\/\/www.universoeletrico.com.br\/design\/index.php?rest_route=%2Fwp%2Fv2%2Fproduct_cat&post=10042"},{"taxonomy":"product_tag","embeddable":true,"href":"https:\/\/www.universoeletrico.com.br\/design\/index.php?rest_route=%2Fwp%2Fv2%2Fproduct_tag&post=10042"}],"curies":[{"name":"wp","href":"https:\/\/api.w.org\/{rel}","templated":true}]}}