{"id":11243,"date":"2025-11-02T14:54:36","date_gmt":"2025-11-02T17:54:36","guid":{"rendered":"https:\/\/www.universoeletrico.com.br\/design\/?page_id=11243"},"modified":"2025-11-02T15:00:43","modified_gmt":"2025-11-02T18:00:43","slug":"eventos","status":"publish","type":"page","link":"https:\/\/www.universoeletrico.com.br\/design\/?page_id=11243","title":{"rendered":"Eventos"},"content":{"rendered":"\t\t<div data-elementor-type=\"wp-page\" data-elementor-id=\"11243\" class=\"elementor elementor-11243\" data-elementor-post-type=\"page\">\n\t\t\t\t<div class=\"elementor-element elementor-element-4e45fc30 e-flex e-con-boxed e-con e-parent\" data-id=\"4e45fc30\" data-element_type=\"container\" data-settings=\"{&quot;background_background&quot;:&quot;classic&quot;,&quot;jet_parallax_layout_list&quot;:[]}\">\n\t\t\t\t\t<div class=\"e-con-inner\">\n\t\t\t\t<div class=\"elementor-element elementor-element-5ec19d0c elementor-widget-mobile__width-initial elementor-widget elementor-widget-heading\" data-id=\"5ec19d0c\" data-element_type=\"widget\" data-widget_type=\"heading.default\">\n\t\t\t\t\t<h1 class=\"elementor-heading-title elementor-size-default\">Eventos realizados em parceria com a Universo El\u00e9trico Design<\/h1>\t\t\t\t<\/div>\n\t\t\t\t<div class=\"elementor-element elementor-element-52927f0a elementor-pagination-type-bullets elementor-arrows-position-inside elementor-pagination-position-outside elementor-widget elementor-widget-n-carousel\" data-id=\"52927f0a\" data-element_type=\"widget\" data-settings=\"{&quot;carousel_items&quot;:[{&quot;slide_title&quot;:&quot;Slide #1&quot;,&quot;_id&quot;:&quot;1f18462&quot;},{&quot;slide_title&quot;:&quot;Slide #2&quot;,&quot;_id&quot;:&quot;11b46ab&quot;},{&quot;slide_title&quot;:&quot;Slide #3&quot;,&quot;_id&quot;:&quot;158b75d&quot;}],&quot;slides_to_show&quot;:&quot;1&quot;,&quot;slides_to_show_tablet&quot;:&quot;1&quot;,&quot;slides_to_show_mobile&quot;:&quot;1&quot;,&quot;autoplay&quot;:&quot;yes&quot;,&quot;autoplay_speed&quot;:5000,&quot;pause_on_hover&quot;:&quot;yes&quot;,&quot;pause_on_interaction&quot;:&quot;yes&quot;,&quot;infinite&quot;:&quot;yes&quot;,&quot;speed&quot;:500,&quot;offset_sides&quot;:&quot;none&quot;,&quot;arrows&quot;:&quot;yes&quot;,&quot;pagination&quot;:&quot;bullets&quot;,&quot;image_spacing_custom&quot;:{&quot;unit&quot;:&quot;px&quot;,&quot;size&quot;:10,&quot;sizes&quot;:[]},&quot;image_spacing_custom_tablet&quot;:{&quot;unit&quot;:&quot;px&quot;,&quot;size&quot;:&quot;&quot;,&quot;sizes&quot;:[]},&quot;image_spacing_custom_mobile&quot;:{&quot;unit&quot;:&quot;px&quot;,&quot;size&quot;:&quot;&quot;,&quot;sizes&quot;:[]}}\" data-widget_type=\"nested-carousel.default\">\n\t\t\t\t\t\t\t<div class=\"e-n-carousel swiper\" role=\"region\" aria-roledescription=\"carousel\" aria-label=\"Carrossel\" dir=\"ltr\">\n\t\t\t<div class=\"swiper-wrapper\" aria-live=\"off\">\n\t\t\t\t\t\t\t\t\t\t<div class=\"swiper-slide\" data-slide=\"1\" role=\"group\" aria-roledescription=\"slide\" aria-label=\"1 de 3\">\n\t\t\t\t\t\t\t<div class=\"elementor-element elementor-element-31bd04b5 e-flex e-con-boxed e-con e-child\" data-id=\"31bd04b5\" data-element_type=\"container\" data-settings=\"{&quot;jet_parallax_layout_list&quot;:[]}\">\n\t\t\t\t\t<div class=\"e-con-inner\">\n\t\t<div class=\"elementor-element elementor-element-29f30a65 e-con-full e-flex e-con e-child\" data-id=\"29f30a65\" data-element_type=\"container\" data-settings=\"{&quot;jet_parallax_layout_list&quot;:[]}\">\n\t\t\t\t<div class=\"elementor-element elementor-element-1817656d elementor-widget__width-initial elementor-widget elementor-widget-heading\" data-id=\"1817656d\" data-element_type=\"widget\" data-widget_type=\"heading.default\">\n\t\t\t\t\t<p class=\"elementor-heading-title elementor-size-default\">2\u00b0 Encontro de Arquitetos e Designer de interiores da Universo El\u00e9trico Design<\/p>\t\t\t\t<\/div>\n\t\t\t\t<div class=\"elementor-element elementor-element-77ef9784 elementor-widget elementor-widget-text-editor\" data-id=\"77ef9784\" data-element_type=\"widget\" data-widget_type=\"text-editor.default\">\n\t\t\t\t\t\t\t\t\t<p>No dia 13\/12\/2017 a Universo el\u00e9trico e seus parceiros promoveram o 2\u00b0 encontro de Arquitetos e Designer de interiores!<\/p><p>\u00a0<\/p><p>Este Workshop j\u00e1 se tornou parte do calend\u00e1rio anual de promo\u00e7\u00f5es e eventos da Universo El\u00e9trico. Neste ano os palestrantes convidados foram a Arquiteta com forma\u00e7\u00e3o em Meio Ambiente e em desenho arquitet\u00f4nico J\u00fania Carsalade, que nos trouxe a palestra \u201cEuroluce 2017\u201d.<\/p><p>\u00a0<\/p><p>Tivemos tamb\u00e9m a palestra \u201cAutoma\u00e7\u00e3o residencial um toque de tecnologia, um mundo de possibilidades\u201d,ministrada pelo Mario Nunes Engenheiro de Controle Automa\u00e7\u00e3o com 10 anos de experi\u00eancia no mercado de automa\u00e7\u00e3o de \u00e1udio,v\u00eddeo e ilumina\u00e7\u00e3o residencial e corporativo, propriet\u00e1rio da empresa Sense Automa\u00e7\u00e3o e tamb\u00e9m a palestra \u201cMy Home\u201d com o palestrante Diego, especialista em de produtos Legrand \/ Bticino.<\/p><p>\u00a0<\/p><p>O evento foi um sucesso e contou com a presen\u00e7a de mais de 45 profissionais nas de Arquitetura, design de interiores e especialistas em automa\u00e7\u00e3o.<\/p>\t\t\t\t\t\t\t\t<\/div>\n\t\t\t\t<div class=\"elementor-element elementor-element-242c3a10 elementor-widget elementor-widget-gallery\" data-id=\"242c3a10\" data-element_type=\"widget\" data-settings=\"{&quot;gallery_layout&quot;:&quot;justified&quot;,&quot;ideal_row_height_tablet&quot;:{&quot;unit&quot;:&quot;px&quot;,&quot;size&quot;:200,&quot;sizes&quot;:[]},&quot;ideal_row_height_mobile&quot;:{&quot;unit&quot;:&quot;px&quot;,&quot;size&quot;:122,&quot;sizes&quot;:[]},&quot;gap&quot;:{&quot;unit&quot;:&quot;px&quot;,&quot;size&quot;:1,&quot;sizes&quot;:[]},&quot;gap_tablet&quot;:{&quot;unit&quot;:&quot;px&quot;,&quot;size&quot;:1,&quot;sizes&quot;:[]},&quot;gap_mobile&quot;:{&quot;unit&quot;:&quot;px&quot;,&quot;size&quot;:1,&quot;sizes&quot;:[]},&quot;image_hover_animation&quot;:&quot;grow&quot;,&quot;lazyload&quot;:&quot;yes&quot;,&quot;ideal_row_height&quot;:{&quot;unit&quot;:&quot;px&quot;,&quot;size&quot;:200,&quot;sizes&quot;:[]},&quot;link_to&quot;:&quot;file&quot;,&quot;overlay_background&quot;:&quot;yes&quot;,&quot;content_hover_animation&quot;:&quot;fade-in&quot;}\" data-widget_type=\"gallery.default\">\n\t\t\t\t\t\t\t<div class=\"elementor-gallery__container\">\n\t\t\t\t\t\t\t<a class=\"e-gallery-item elementor-gallery-item elementor-animated-content\" href=\"https:\/\/www.universoeletrico.com.br\/design\/wp-content\/uploads\/2025\/11\/evento-universo-1404-600x397-1.jpg\" data-elementor-open-lightbox=\"yes\" data-elementor-lightbox-slideshow=\"242c3a10\" data-elementor-lightbox-title=\"evento-universo-1404-600x397-1.jpg\" data-e-action-hash=\"#elementor-action%3Aaction%3Dlightbox%26settings%3DeyJpZCI6MTEyMTMsInVybCI6Imh0dHBzOlwvXC93d3cudW5pdmVyc29lbGV0cmljby5jb20uYnJcL2Rlc2lnblwvd3AtY29udGVudFwvdXBsb2Fkc1wvMjAyNVwvMTFcL2V2ZW50by11bml2ZXJzby0xNDA0LTYwMHgzOTctMS5qcGciLCJzbGlkZXNob3ciOiIyNDJjM2ExMCJ9\">\n\t\t\t\t\t<div class=\"e-gallery-image elementor-gallery-item__image\" data-thumbnail=\"https:\/\/www.universoeletrico.com.br\/design\/wp-content\/uploads\/2025\/11\/evento-universo-1404-600x397-1.jpg\" data-width=\"600\" data-height=\"397\" aria-label=\"\" role=\"img\" ><\/div>\n\t\t\t\t\t\t\t\t\t\t\t<div class=\"elementor-gallery-item__overlay\"><\/div>\n\t\t\t\t\t\t\t\t\t\t\t\t\t\t<\/a>\n\t\t\t\t\t\t\t<a class=\"e-gallery-item elementor-gallery-item elementor-animated-content\" href=\"https:\/\/www.universoeletrico.com.br\/design\/wp-content\/uploads\/2025\/11\/evento-universo-1395-600x397-1.jpg\" data-elementor-open-lightbox=\"yes\" data-elementor-lightbox-slideshow=\"242c3a10\" data-elementor-lightbox-title=\"evento-universo-1395-600x397-1.jpg\" data-e-action-hash=\"#elementor-action%3Aaction%3Dlightbox%26settings%3DeyJpZCI6MTEyMTQsInVybCI6Imh0dHBzOlwvXC93d3cudW5pdmVyc29lbGV0cmljby5jb20uYnJcL2Rlc2lnblwvd3AtY29udGVudFwvdXBsb2Fkc1wvMjAyNVwvMTFcL2V2ZW50by11bml2ZXJzby0xMzk1LTYwMHgzOTctMS5qcGciLCJzbGlkZXNob3ciOiIyNDJjM2ExMCJ9\">\n\t\t\t\t\t<div class=\"e-gallery-image elementor-gallery-item__image\" data-thumbnail=\"https:\/\/www.universoeletrico.com.br\/design\/wp-content\/uploads\/2025\/11\/evento-universo-1395-600x397-1.jpg\" data-width=\"600\" data-height=\"397\" aria-label=\"\" role=\"img\" ><\/div>\n\t\t\t\t\t\t\t\t\t\t\t<div class=\"elementor-gallery-item__overlay\"><\/div>\n\t\t\t\t\t\t\t\t\t\t\t\t\t\t<\/a>\n\t\t\t\t\t\t\t<a class=\"e-gallery-item elementor-gallery-item elementor-animated-content\" href=\"https:\/\/www.universoeletrico.com.br\/design\/wp-content\/uploads\/2025\/11\/evento-universo-1462-600x397-1.jpg\" data-elementor-open-lightbox=\"yes\" data-elementor-lightbox-slideshow=\"242c3a10\" data-elementor-lightbox-title=\"evento-universo-1462-600x397-1.jpg\" data-e-action-hash=\"#elementor-action%3Aaction%3Dlightbox%26settings%3DeyJpZCI6MTEyMTgsInVybCI6Imh0dHBzOlwvXC93d3cudW5pdmVyc29lbGV0cmljby5jb20uYnJcL2Rlc2lnblwvd3AtY29udGVudFwvdXBsb2Fkc1wvMjAyNVwvMTFcL2V2ZW50by11bml2ZXJzby0xNDYyLTYwMHgzOTctMS5qcGciLCJzbGlkZXNob3ciOiIyNDJjM2ExMCJ9\">\n\t\t\t\t\t<div class=\"e-gallery-image elementor-gallery-item__image\" data-thumbnail=\"https:\/\/www.universoeletrico.com.br\/design\/wp-content\/uploads\/2025\/11\/evento-universo-1462-600x397-1.jpg\" data-width=\"600\" data-height=\"397\" aria-label=\"\" role=\"img\" ><\/div>\n\t\t\t\t\t\t\t\t\t\t\t<div class=\"elementor-gallery-item__overlay\"><\/div>\n\t\t\t\t\t\t\t\t\t\t\t\t\t\t<\/a>\n\t\t\t\t\t\t\t<a class=\"e-gallery-item elementor-gallery-item elementor-animated-content\" href=\"https:\/\/www.universoeletrico.com.br\/design\/wp-content\/uploads\/2025\/11\/evento-universo-1442-600x397-1.jpg\" data-elementor-open-lightbox=\"yes\" data-elementor-lightbox-slideshow=\"242c3a10\" data-elementor-lightbox-title=\"evento-universo-1442-600x397-1.jpg\" data-e-action-hash=\"#elementor-action%3Aaction%3Dlightbox%26settings%3DeyJpZCI6MTEyMTYsInVybCI6Imh0dHBzOlwvXC93d3cudW5pdmVyc29lbGV0cmljby5jb20uYnJcL2Rlc2lnblwvd3AtY29udGVudFwvdXBsb2Fkc1wvMjAyNVwvMTFcL2V2ZW50by11bml2ZXJzby0xNDQyLTYwMHgzOTctMS5qcGciLCJzbGlkZXNob3ciOiIyNDJjM2ExMCJ9\">\n\t\t\t\t\t<div class=\"e-gallery-image elementor-gallery-item__image\" data-thumbnail=\"https:\/\/www.universoeletrico.com.br\/design\/wp-content\/uploads\/2025\/11\/evento-universo-1442-600x397-1.jpg\" data-width=\"600\" data-height=\"397\" aria-label=\"\" role=\"img\" ><\/div>\n\t\t\t\t\t\t\t\t\t\t\t<div class=\"elementor-gallery-item__overlay\"><\/div>\n\t\t\t\t\t\t\t\t\t\t\t\t\t\t<\/a>\n\t\t\t\t\t\t\t<a class=\"e-gallery-item elementor-gallery-item elementor-animated-content\" href=\"https:\/\/www.universoeletrico.com.br\/design\/wp-content\/uploads\/2025\/11\/evento-universo-1409-600x397-1.jpg\" data-elementor-open-lightbox=\"yes\" data-elementor-lightbox-slideshow=\"242c3a10\" data-elementor-lightbox-title=\"evento-universo-1409-600x397-1.jpg\" data-e-action-hash=\"#elementor-action%3Aaction%3Dlightbox%26settings%3DeyJpZCI6MTEyMTcsInVybCI6Imh0dHBzOlwvXC93d3cudW5pdmVyc29lbGV0cmljby5jb20uYnJcL2Rlc2lnblwvd3AtY29udGVudFwvdXBsb2Fkc1wvMjAyNVwvMTFcL2V2ZW50by11bml2ZXJzby0xNDA5LTYwMHgzOTctMS5qcGciLCJzbGlkZXNob3ciOiIyNDJjM2ExMCJ9\">\n\t\t\t\t\t<div class=\"e-gallery-image elementor-gallery-item__image\" data-thumbnail=\"https:\/\/www.universoeletrico.com.br\/design\/wp-content\/uploads\/2025\/11\/evento-universo-1409-600x397-1.jpg\" data-width=\"600\" data-height=\"397\" aria-label=\"\" role=\"img\" ><\/div>\n\t\t\t\t\t\t\t\t\t\t\t<div class=\"elementor-gallery-item__overlay\"><\/div>\n\t\t\t\t\t\t\t\t\t\t\t\t\t\t<\/a>\n\t\t\t\t\t\t\t<a class=\"e-gallery-item elementor-gallery-item elementor-animated-content\" href=\"https:\/\/www.universoeletrico.com.br\/design\/wp-content\/uploads\/2025\/11\/evento-universo-1437-600x397-1.jpg\" data-elementor-open-lightbox=\"yes\" data-elementor-lightbox-slideshow=\"242c3a10\" data-elementor-lightbox-title=\"evento-universo-1437-600x397-1.jpg\" data-e-action-hash=\"#elementor-action%3Aaction%3Dlightbox%26settings%3DeyJpZCI6MTEyMTUsInVybCI6Imh0dHBzOlwvXC93d3cudW5pdmVyc29lbGV0cmljby5jb20uYnJcL2Rlc2lnblwvd3AtY29udGVudFwvdXBsb2Fkc1wvMjAyNVwvMTFcL2V2ZW50by11bml2ZXJzby0xNDM3LTYwMHgzOTctMS5qcGciLCJzbGlkZXNob3ciOiIyNDJjM2ExMCJ9\">\n\t\t\t\t\t<div class=\"e-gallery-image elementor-gallery-item__image\" data-thumbnail=\"https:\/\/www.universoeletrico.com.br\/design\/wp-content\/uploads\/2025\/11\/evento-universo-1437-600x397-1.jpg\" data-width=\"600\" data-height=\"397\" aria-label=\"\" role=\"img\" ><\/div>\n\t\t\t\t\t\t\t\t\t\t\t<div class=\"elementor-gallery-item__overlay\"><\/div>\n\t\t\t\t\t\t\t\t\t\t\t\t\t\t<\/a>\n\t\t\t\t\t<\/div>\n\t\t\t\t\t<\/div>\n\t\t\t\t<\/div>\n\t\t\t\t\t<\/div>\n\t\t\t\t<\/div>\n\t\t\t\t\t\t\t\t<\/div>\n\t\t\t\t\t\t\t\t\t\t\t<div class=\"swiper-slide\" data-slide=\"2\" role=\"group\" aria-roledescription=\"slide\" aria-label=\"2 de 3\">\n\t\t\t\t\t\t\t<div class=\"elementor-element elementor-element-61e9d7f9 e-flex e-con-boxed e-con e-child\" data-id=\"61e9d7f9\" data-element_type=\"container\" data-settings=\"{&quot;jet_parallax_layout_list&quot;:[]}\">\n\t\t\t\t\t<div class=\"e-con-inner\">\n\t\t<div class=\"elementor-element elementor-element-21f481 e-con-full e-flex e-con e-child\" data-id=\"21f481\" data-element_type=\"container\" data-settings=\"{&quot;jet_parallax_layout_list&quot;:[]}\">\n\t\t\t\t<div class=\"elementor-element elementor-element-a168d43 elementor-widget__width-initial elementor-widget elementor-widget-heading\" data-id=\"a168d43\" data-element_type=\"widget\" data-widget_type=\"heading.default\">\n\t\t\t\t\t<p class=\"elementor-heading-title elementor-size-default\">Aula externa \u2013 INAP<\/p>\t\t\t\t<\/div>\n\t\t\t\t<div class=\"elementor-element elementor-element-408cefca elementor-widget elementor-widget-text-editor\" data-id=\"408cefca\" data-element_type=\"widget\" data-widget_type=\"text-editor.default\">\n\t\t\t\t\t\t\t\t\t<p>A universo El\u00e9trico Design promoveu no \u00faltimo dia 03\/08\/2017 mais um workshop desta vez para os alunos do curso de p\u00f3s-gradua\u00e7\u00e3o design de ambientes e acessibilidade da faculdade INAP.<\/p><p>\u00a0<\/p><p>O evento foi ministrado pela professora do INAP Arquiteta e design de ambientes Liliane Cruz e contou ainda com palestrantes da Brilia (tecnologia led) e Legrand (especialista mundial em sistemas el\u00e9tricos e Digitais).<\/p><p>\u00a0<\/p><p>O evento foi baseado em Aula pr\u00e1tica ministrada pela professora Liliane e tamb\u00e9m palestras com os especialistas Danilo (gerente regional da Brilia) que ministrou a palestra led e suas tecnologias e os especialistas Michele Brogion e Reginaldo Silva com a palestra acabamentos el\u00e9tricos de luxo.<\/p>\t\t\t\t\t\t\t\t<\/div>\n\t\t\t\t<div class=\"elementor-element elementor-element-148da019 elementor-widget elementor-widget-gallery\" data-id=\"148da019\" data-element_type=\"widget\" data-settings=\"{&quot;gallery_layout&quot;:&quot;justified&quot;,&quot;ideal_row_height_tablet&quot;:{&quot;unit&quot;:&quot;px&quot;,&quot;size&quot;:200,&quot;sizes&quot;:[]},&quot;ideal_row_height_mobile&quot;:{&quot;unit&quot;:&quot;px&quot;,&quot;size&quot;:122,&quot;sizes&quot;:[]},&quot;gap&quot;:{&quot;unit&quot;:&quot;px&quot;,&quot;size&quot;:1,&quot;sizes&quot;:[]},&quot;gap_tablet&quot;:{&quot;unit&quot;:&quot;px&quot;,&quot;size&quot;:1,&quot;sizes&quot;:[]},&quot;gap_mobile&quot;:{&quot;unit&quot;:&quot;px&quot;,&quot;size&quot;:1,&quot;sizes&quot;:[]},&quot;image_hover_animation&quot;:&quot;grow&quot;,&quot;lazyload&quot;:&quot;yes&quot;,&quot;ideal_row_height&quot;:{&quot;unit&quot;:&quot;px&quot;,&quot;size&quot;:200,&quot;sizes&quot;:[]},&quot;link_to&quot;:&quot;file&quot;,&quot;overlay_background&quot;:&quot;yes&quot;,&quot;content_hover_animation&quot;:&quot;fade-in&quot;}\" data-widget_type=\"gallery.default\">\n\t\t\t\t\t\t\t<div class=\"elementor-gallery__container\">\n\t\t\t\t\t\t\t<a class=\"e-gallery-item elementor-gallery-item elementor-animated-content\" href=\"https:\/\/www.universoeletrico.com.br\/design\/wp-content\/uploads\/2025\/11\/Inap-1.jpg\" data-elementor-open-lightbox=\"yes\" data-elementor-lightbox-slideshow=\"148da019\" data-elementor-lightbox-title=\"Inap-1.jpg\" data-e-action-hash=\"#elementor-action%3Aaction%3Dlightbox%26settings%3DeyJpZCI6MTExMTIsInVybCI6Imh0dHBzOlwvXC93d3cudW5pdmVyc29lbGV0cmljby5jb20uYnJcL2Rlc2lnblwvd3AtY29udGVudFwvdXBsb2Fkc1wvMjAyNVwvMTFcL0luYXAtMS5qcGciLCJzbGlkZXNob3ciOiIxNDhkYTAxOSJ9\">\n\t\t\t\t\t<div class=\"e-gallery-image elementor-gallery-item__image\" data-thumbnail=\"https:\/\/www.universoeletrico.com.br\/design\/wp-content\/uploads\/2025\/11\/Inap-1.jpg\" data-width=\"1000\" data-height=\"600\" aria-label=\"\" role=\"img\" ><\/div>\n\t\t\t\t\t\t\t\t\t\t\t<div class=\"elementor-gallery-item__overlay\"><\/div>\n\t\t\t\t\t\t\t\t\t\t\t\t\t\t<\/a>\n\t\t\t\t\t<\/div>\n\t\t\t\t\t<\/div>\n\t\t\t\t<\/div>\n\t\t\t\t\t<\/div>\n\t\t\t\t<\/div>\n\t\t\t\t\t\t\t\t<\/div>\n\t\t\t\t\t\t\t\t\t\t\t<div class=\"swiper-slide\" data-slide=\"3\" role=\"group\" aria-roledescription=\"slide\" aria-label=\"3 de 3\">\n\t\t\t\t\t\t\t<div class=\"elementor-element elementor-element-6abb30bd e-flex e-con-boxed e-con e-child\" data-id=\"6abb30bd\" data-element_type=\"container\" data-settings=\"{&quot;jet_parallax_layout_list&quot;:[]}\">\n\t\t\t\t\t<div class=\"e-con-inner\">\n\t\t<div class=\"elementor-element elementor-element-28d5d884 e-con-full e-flex e-con e-child\" data-id=\"28d5d884\" data-element_type=\"container\" data-settings=\"{&quot;jet_parallax_layout_list&quot;:[]}\">\n\t\t\t\t<div class=\"elementor-element elementor-element-5111968e elementor-widget__width-initial elementor-widget elementor-widget-heading\" data-id=\"5111968e\" data-element_type=\"widget\" data-widget_type=\"heading.default\">\n\t\t\t\t\t<p class=\"elementor-heading-title elementor-size-default\">1\u00b0 Encontro de Engenheiros e Arquitetos da Universo Design<\/p>\t\t\t\t<\/div>\n\t\t\t\t<div class=\"elementor-element elementor-element-17f7b9d elementor-widget elementor-widget-text-editor\" data-id=\"17f7b9d\" data-element_type=\"widget\" data-widget_type=\"text-editor.default\">\n\t\t\t\t\t\t\t\t\t<p>Um grande workshop promovido pela Universo El\u00e9trico Design em parceria com a Verdi arquitetura (verdiarquitetura.com.br) Novi arquitetura (noviarquitetura.com.br) e MasterMind (mastermind.com.br) treinamentos de alta performance. O workshop teve como principal foco a presen\u00e7a de arquitetos, design de interiores e engenheiros e foi um sucesso.<\/p><p>\u00a0<\/p><p>O evento aconteceu nos dias 29\/11\/2017 e 6\/12\/2017 e contou com v\u00e1rios palestrantes de renome, Entre eles a Arquiteta e urbanista Ana Lucia Chagas e especialista em arquitetura sustent\u00e1vel e Consultora em certifica\u00e7\u00f5es sustent\u00e1veis LEED, AQUA, PROCEL EDIFICA RTQ-C E RTQ-R, Selo Casa Azul (CEF), Selo BH Sustent\u00e1vel e Gest\u00e3o de Res\u00edduos, aplicados a projetos de arquitetura e constru\u00e7\u00e3o. Ela ministrou a palestra a \u201cconstru\u00e7\u00e3o sustent\u00e1vel e suas certifica\u00e7\u00f5es\u201d e a palestra \u201cIntrodu\u00e7\u00e3o da norma NBR 15575\u201d.<\/p><p>\u00a0<\/p><p>Tivemos tamb\u00e9m palestras da Arquiteta Mariele Vilela da Novi Arquitetura que falou sobre as normas e defini\u00e7\u00f5es sobre aprova\u00e7\u00e3o de projetos na prefeitura de BH. E ainda palestra de apresenta\u00e7\u00e3o e treinamento para especifica\u00e7\u00e3o de acabamentos el\u00e9tricos de luxo ministrado pelos especialistas da Legrand (multinacional especialista e sistemas el\u00e9tricos e digitais).<\/p><p>\u00a0<\/p><p>Outro grande momento foram os treinamentos em performance para lideran\u00e7a pelo treinamento LINCE da Mastermind (L\u00edder com mente de mestre, ministrado pelo Terapeuta Comportamental e instrutor Mastermind grau Lince pelo Instituto de Albuquerque.<\/p>\t\t\t\t\t\t\t\t<\/div>\n\t\t\t\t<div class=\"elementor-element elementor-element-767c9a82 elementor-widget elementor-widget-gallery\" data-id=\"767c9a82\" data-element_type=\"widget\" data-settings=\"{&quot;gallery_layout&quot;:&quot;justified&quot;,&quot;ideal_row_height_tablet&quot;:{&quot;unit&quot;:&quot;px&quot;,&quot;size&quot;:200,&quot;sizes&quot;:[]},&quot;ideal_row_height_mobile&quot;:{&quot;unit&quot;:&quot;px&quot;,&quot;size&quot;:122,&quot;sizes&quot;:[]},&quot;gap&quot;:{&quot;unit&quot;:&quot;px&quot;,&quot;size&quot;:1,&quot;sizes&quot;:[]},&quot;gap_tablet&quot;:{&quot;unit&quot;:&quot;px&quot;,&quot;size&quot;:1,&quot;sizes&quot;:[]},&quot;gap_mobile&quot;:{&quot;unit&quot;:&quot;px&quot;,&quot;size&quot;:1,&quot;sizes&quot;:[]},&quot;image_hover_animation&quot;:&quot;grow&quot;,&quot;lazyload&quot;:&quot;yes&quot;,&quot;ideal_row_height&quot;:{&quot;unit&quot;:&quot;px&quot;,&quot;size&quot;:200,&quot;sizes&quot;:[]},&quot;link_to&quot;:&quot;file&quot;,&quot;overlay_background&quot;:&quot;yes&quot;,&quot;content_hover_animation&quot;:&quot;fade-in&quot;}\" data-widget_type=\"gallery.default\">\n\t\t\t\t\t\t\t<div class=\"elementor-gallery__container\">\n\t\t\t\t\t\t\t<a class=\"e-gallery-item elementor-gallery-item elementor-animated-content\" href=\"https:\/\/www.universoeletrico.com.br\/design\/wp-content\/uploads\/2025\/11\/bn-e1504237334767.jpg\" data-elementor-open-lightbox=\"yes\" data-elementor-lightbox-slideshow=\"767c9a82\" data-elementor-lightbox-title=\"bn-e1504237334767.jpg\" data-e-action-hash=\"#elementor-action%3Aaction%3Dlightbox%26settings%3DeyJpZCI6MTEyMTksInVybCI6Imh0dHBzOlwvXC93d3cudW5pdmVyc29lbGV0cmljby5jb20uYnJcL2Rlc2lnblwvd3AtY29udGVudFwvdXBsb2Fkc1wvMjAyNVwvMTFcL2JuLWUxNTA0MjM3MzM0NzY3LmpwZyIsInNsaWRlc2hvdyI6Ijc2N2M5YTgyIn0%3D\">\n\t\t\t\t\t<div class=\"e-gallery-image elementor-gallery-item__image\" data-thumbnail=\"https:\/\/www.universoeletrico.com.br\/design\/wp-content\/uploads\/2025\/11\/bn-e1504237334767.jpg\" data-width=\"800\" data-height=\"347\" aria-label=\"\" role=\"img\" ><\/div>\n\t\t\t\t\t\t\t\t\t\t\t<div class=\"elementor-gallery-item__overlay\"><\/div>\n\t\t\t\t\t\t\t\t\t\t\t\t\t\t<\/a>\n\t\t\t\t\t\t\t<a class=\"e-gallery-item elementor-gallery-item elementor-animated-content\" href=\"https:\/\/www.universoeletrico.com.br\/design\/wp-content\/uploads\/2025\/11\/1o-encontro-engenheiros-arquitetos-1.jpg\" data-elementor-open-lightbox=\"yes\" data-elementor-lightbox-slideshow=\"767c9a82\" data-elementor-lightbox-title=\"1o-encontro-engenheiros-arquitetos-1.jpg\" data-e-action-hash=\"#elementor-action%3Aaction%3Dlightbox%26settings%3DeyJpZCI6MTExMTEsInVybCI6Imh0dHBzOlwvXC93d3cudW5pdmVyc29lbGV0cmljby5jb20uYnJcL2Rlc2lnblwvd3AtY29udGVudFwvdXBsb2Fkc1wvMjAyNVwvMTFcLzFvLWVuY29udHJvLWVuZ2VuaGVpcm9zLWFycXVpdGV0b3MtMS5qcGciLCJzbGlkZXNob3ciOiI3NjdjOWE4MiJ9\">\n\t\t\t\t\t<div class=\"e-gallery-image elementor-gallery-item__image\" data-thumbnail=\"https:\/\/www.universoeletrico.com.br\/design\/wp-content\/uploads\/2025\/11\/1o-encontro-engenheiros-arquitetos-1.jpg\" data-width=\"906\" data-height=\"600\" aria-label=\"\" role=\"img\" ><\/div>\n\t\t\t\t\t\t\t\t\t\t\t<div class=\"elementor-gallery-item__overlay\"><\/div>\n\t\t\t\t\t\t\t\t\t\t\t\t\t\t<\/a>\n\t\t\t\t\t<\/div>\n\t\t\t\t\t<\/div>\n\t\t\t\t<\/div>\n\t\t\t\t\t<\/div>\n\t\t\t\t<\/div>\n\t\t\t\t\t\t\t\t<\/div>\n\t\t\t\t\t\t\t\t<\/div>\n\t\t<\/div>\n\t\t\t\t\t<div class=\"elementor-swiper-button elementor-swiper-button-prev\" role=\"button\" tabindex=\"0\" aria-label=\"Anterior\">\n\t\t\t\t<svg aria-hidden=\"true\" class=\"e-font-icon-svg e-eicon-chevron-left\" viewBox=\"0 0 1000 1000\" xmlns=\"http:\/\/www.w3.org\/2000\/svg\"><path d=\"M646 125C629 125 613 133 604 142L308 442C296 454 292 471 292 487 292 504 296 521 308 533L604 854C617 867 629 875 646 875 663 875 679 871 692 858 704 846 713 829 713 812 713 796 708 779 692 767L438 487 692 225C700 217 708 204 708 187 708 171 704 154 692 142 675 129 663 125 646 125Z\"><\/path><\/svg>\t\t\t<\/div>\n\t\t\t<div class=\"elementor-swiper-button elementor-swiper-button-next\" role=\"button\" tabindex=\"0\" aria-label=\"Pr\u00f3ximo\">\n\t\t\t\t<svg aria-hidden=\"true\" class=\"e-font-icon-svg e-eicon-chevron-right\" viewBox=\"0 0 1000 1000\" xmlns=\"http:\/\/www.w3.org\/2000\/svg\"><path d=\"M696 533C708 521 713 504 713 487 713 471 708 454 696 446L400 146C388 133 375 125 354 125 338 125 325 129 313 142 300 154 292 171 292 187 292 204 296 221 308 233L563 492 304 771C292 783 288 800 288 817 288 833 296 850 308 863 321 871 338 875 354 875 371 875 388 867 400 854L696 533Z\"><\/path><\/svg>\t\t\t<\/div>\n\t\t\t\t\t<div class=\"swiper-pagination\"><\/div>\n\t\t\t\t\t\t<\/div>\n\t\t\t\t\t<\/div>\n\t\t\t\t<\/div>\n\t\t\t\t<\/div>\n\t\t","protected":false},"excerpt":{"rendered":"<p>Eventos realizados em parceria com a Universo El\u00e9trico Design 2\u00b0 Encontro de Arquitetos e Designer de interiores da Universo El\u00e9trico Design No dia 13\/12\/2017 a Universo el\u00e9trico e seus parceiros promoveram o 2\u00b0 encontro de Arquitetos e Designer de interiores! \u00a0 Este Workshop j\u00e1 se tornou parte do calend\u00e1rio anual de promo\u00e7\u00f5es e eventos da [&hellip;]<\/p>\n","protected":false},"author":1,"featured_media":0,"parent":0,"menu_order":0,"comment_status":"closed","ping_status":"closed","template":"","meta":{"footnotes":""},"class_list":["post-11243","page","type-page","status-publish","hentry"],"_links":{"self":[{"href":"https:\/\/www.universoeletrico.com.br\/design\/index.php?rest_route=\/wp\/v2\/pages\/11243","targetHints":{"allow":["GET"]}}],"collection":[{"href":"https:\/\/www.universoeletrico.com.br\/design\/index.php?rest_route=\/wp\/v2\/pages"}],"about":[{"href":"https:\/\/www.universoeletrico.com.br\/design\/index.php?rest_route=\/wp\/v2\/types\/page"}],"author":[{"embeddable":true,"href":"https:\/\/www.universoeletrico.com.br\/design\/index.php?rest_route=\/wp\/v2\/users\/1"}],"replies":[{"embeddable":true,"href":"https:\/\/www.universoeletrico.com.br\/design\/index.php?rest_route=%2Fwp%2Fv2%2Fcomments&post=11243"}],"version-history":[{"count":8,"href":"https:\/\/www.universoeletrico.com.br\/design\/index.php?rest_route=\/wp\/v2\/pages\/11243\/revisions"}],"predecessor-version":[{"id":11251,"href":"https:\/\/www.universoeletrico.com.br\/design\/index.php?rest_route=\/wp\/v2\/pages\/11243\/revisions\/11251"}],"wp:attachment":[{"href":"https:\/\/www.universoeletrico.com.br\/design\/index.php?rest_route=%2Fwp%2Fv2%2Fmedia&parent=11243"}],"curies":[{"name":"wp","href":"https:\/\/api.w.org\/{rel}","templated":true}]}}